{"id":1193,"date":"2025-05-06T12:24:57","date_gmt":"2025-05-06T15:24:57","guid":{"rendered":"https:\/\/gjgsystem.com\/?page_id=1193"},"modified":"2025-11-03T10:21:45","modified_gmt":"2025-11-03T13:21:45","slug":"desarrollo-web","status":"publish","type":"page","link":"https:\/\/gjgsystem.com\/en\/desarrollo-web\/","title":{"rendered":"Web Development"},"content":{"rendered":"<div data-elementor-type=\"wp-page\" data-elementor-id=\"1193\" class=\"elementor elementor-1193\" data-elementor-post-type=\"page\">\n\t\t\t\t<div class=\"elementor-element elementor-element-8f52e23 e-flex e-con-boxed e-con e-parent\" data-id=\"8f52e23\" data-element_type=\"container\" data-e-type=\"container\">\n\t\t\t\t\t<div class=\"e-con-inner\">\n\t\t\t\t<div class=\"elementor-element elementor-element-d75e4ff elementor-widget elementor-widget-text-editor\" data-id=\"d75e4ff\" data-element_type=\"widget\" data-e-type=\"widget\" data-widget_type=\"text-editor.default\">\n\t\t\t\t<div class=\"elementor-widget-container\">\n\t\t\t\t\t\t\t\t\t<p>We create professional, functional websites tailored to your business. Whether it\u2019s a corporate site, an online store, or an e-learning platform, we develop WordPress solutions with custom design, strong performance, and a focus on real results.<\/p>\t\t\t\t\t\t\t\t<\/div>\n\t\t\t\t<\/div>\n\t\t\t\t\t<\/div>\n\t\t\t\t<\/div>\n\t\t<div class=\"elementor-element elementor-element-7b1ea2c5 e-flex e-con-boxed e-con e-parent\" data-id=\"7b1ea2c5\" data-element_type=\"container\" data-e-type=\"container\">\n\t\t\t\t\t<div class=\"e-con-inner\">\n\t\t<div class=\"elementor-element elementor-element-79931307 e-con-full e-flex e-con e-child\" data-id=\"79931307\" data-element_type=\"container\" data-e-type=\"container\">\n\t\t\t\t<div class=\"elementor-element elementor-element-207dbc20 elementor-widget elementor-widget-heading\" data-id=\"207dbc20\" data-element_type=\"widget\" data-e-type=\"widget\" data-widget_type=\"heading.default\">\n\t\t\t\t<div class=\"elementor-widget-container\">\n\t\t\t\t\t<h2 class=\"elementor-heading-title elementor-size-default\">01<\/h2>\t\t\t\t<\/div>\n\t\t\t\t<\/div>\n\t\t\t\t<div class=\"elementor-element elementor-element-c8a5fa3 elementor-widget elementor-widget-heading\" data-id=\"c8a5fa3\" data-element_type=\"widget\" data-e-type=\"widget\" data-widget_type=\"heading.default\">\n\t\t\t\t<div class=\"elementor-widget-container\">\n\t\t\t\t\t<h2 class=\"elementor-heading-title elementor-size-default\">WordPress Development<\/h2>\t\t\t\t<\/div>\n\t\t\t\t<\/div>\n\t\t\t\t<div class=\"elementor-element elementor-element-5178316b elementor-widget elementor-widget-text-editor\" data-id=\"5178316b\" data-element_type=\"widget\" data-e-type=\"widget\" data-widget_type=\"text-editor.default\">\n\t\t\t\t<div class=\"elementor-widget-container\">\n\t\t\t\t\t\t\t\t\t<p class=\"\" data-start=\"347\" data-end=\"690\">We build professional WordPress websites tailored to your business needs. From high-converting landing pages to full institutional sites, we implement scalable, secure, and easy-to-manage solutions. We use custom design, SEO optimisation, and best development practices to ensure results.<\/p>\t\t\t\t\t\t\t\t<\/div>\n\t\t\t\t<\/div>\n\t\t\t\t<\/div>\n\t\t<div class=\"elementor-element elementor-element-acf6f95 e-con-full e-flex e-con e-child\" data-id=\"acf6f95\" data-element_type=\"container\" data-e-type=\"container\">\n\t\t\t\t<div class=\"elementor-element elementor-element-23aa4ed7 elementor-widget elementor-widget-heading\" data-id=\"23aa4ed7\" data-element_type=\"widget\" data-e-type=\"widget\" data-widget_type=\"heading.default\">\n\t\t\t\t<div class=\"elementor-widget-container\">\n\t\t\t\t\t<h2 class=\"elementor-heading-title elementor-size-default\">02<\/h2>\t\t\t\t<\/div>\n\t\t\t\t<\/div>\n\t\t\t\t<div class=\"elementor-element elementor-element-1f03d635 elementor-widget elementor-widget-heading\" data-id=\"1f03d635\" data-element_type=\"widget\" data-e-type=\"widget\" data-widget_type=\"heading.default\">\n\t\t\t\t<div class=\"elementor-widget-container\">\n\t\t\t\t\t<h2 class=\"elementor-heading-title elementor-size-default\">WooCommerce Store Development<\/h2>\t\t\t\t<\/div>\n\t\t\t\t<\/div>\n\t\t\t\t<div class=\"elementor-element elementor-element-7e11b346 elementor-widget elementor-widget-text-editor\" data-id=\"7e11b346\" data-element_type=\"widget\" data-e-type=\"widget\" data-widget_type=\"text-editor.default\">\n\t\t\t\t<div class=\"elementor-widget-container\">\n\t\t\t\t\t\t\t\t\t<p>We take your business online with powerful, agile WooCommerce stores ready to sell from day one. We integrate payment gateways, shipping methods, stock management, and conversion-focused design.<\/p>\t\t\t\t\t\t\t\t<\/div>\n\t\t\t\t<\/div>\n\t\t\t\t<\/div>\n\t\t<div class=\"elementor-element elementor-element-622c3f9b e-con-full e-flex e-con e-child\" data-id=\"622c3f9b\" data-element_type=\"container\" data-e-type=\"container\">\n\t\t\t\t<div class=\"elementor-element elementor-element-122463dd elementor-widget elementor-widget-heading\" data-id=\"122463dd\" data-element_type=\"widget\" data-e-type=\"widget\" data-widget_type=\"heading.default\">\n\t\t\t\t<div class=\"elementor-widget-container\">\n\t\t\t\t\t<h2 class=\"elementor-heading-title elementor-size-default\">03<\/h2>\t\t\t\t<\/div>\n\t\t\t\t<\/div>\n\t\t\t\t<div class=\"elementor-element elementor-element-50cfadd7 elementor-widget elementor-widget-heading\" data-id=\"50cfadd7\" data-element_type=\"widget\" data-e-type=\"widget\" data-widget_type=\"heading.default\">\n\t\t\t\t<div class=\"elementor-widget-container\">\n\t\t\t\t\t<h2 class=\"elementor-heading-title elementor-size-default\">E-learning <br>Platform Development<\/h2>\t\t\t\t<\/div>\n\t\t\t\t<\/div>\n\t\t\t\t<div class=\"elementor-element elementor-element-7f2ad629 elementor-widget elementor-widget-text-editor\" data-id=\"7f2ad629\" data-element_type=\"widget\" data-e-type=\"widget\" data-widget_type=\"text-editor.default\">\n\t\t\t\t<div class=\"elementor-widget-container\">\n\t\t\t\t\t\t\t\t\t<p class=\"\" data-start=\"1238\" data-end=\"1494\">We design and build online learning platforms with tools for courses, lessons, exams, and student tracking. Using plugins like LearnDash or Tutor LMS (or custom-built solutions), we create effective learning experiences.<\/p>\t\t\t\t\t\t\t\t<\/div>\n\t\t\t\t<\/div>\n\t\t\t\t<\/div>\n\t\t<div class=\"elementor-element elementor-element-1776b63 e-con-full e-flex e-con e-child\" data-id=\"1776b63\" data-element_type=\"container\" data-e-type=\"container\">\n\t\t\t\t<div class=\"elementor-element elementor-element-ee4b40b elementor-widget elementor-widget-heading\" data-id=\"ee4b40b\" data-element_type=\"widget\" data-e-type=\"widget\" data-widget_type=\"heading.default\">\n\t\t\t\t<div class=\"elementor-widget-container\">\n\t\t\t\t\t<h2 class=\"elementor-heading-title elementor-size-default\">04<\/h2>\t\t\t\t<\/div>\n\t\t\t\t<\/div>\n\t\t\t\t<div class=\"elementor-element elementor-element-7b1b8fe8 elementor-widget elementor-widget-heading\" data-id=\"7b1b8fe8\" data-element_type=\"widget\" data-e-type=\"widget\" data-widget_type=\"heading.default\">\n\t\t\t\t<div class=\"elementor-widget-container\">\n\t\t\t\t\t<h2 class=\"elementor-heading-title elementor-size-default\">Websites Redesign<\/h2>\t\t\t\t<\/div>\n\t\t\t\t<\/div>\n\t\t\t\t<div class=\"elementor-element elementor-element-5f2db894 elementor-widget elementor-widget-text-editor\" data-id=\"5f2db894\" data-element_type=\"widget\" data-e-type=\"widget\" data-widget_type=\"text-editor.default\">\n\t\t\t\t<div class=\"elementor-widget-container\">\n\t\t\t\t\t\t\t\t\t<p>\u00bfTu sitio qued\u00f3 viejo, lento o no refleja tu marca? Lo redise\u00f1amos desde cero con una nueva estructura, estilo visual actualizado, navegaci\u00f3n intuitiva y rendimiento optimizado. Mantenemos tu contenido pero le damos vida nueva, pensada para convertir visitas en resultados.<\/p>\t\t\t\t\t\t\t\t<\/div>\n\t\t\t\t<\/div>\n\t\t\t\t<\/div>\n\t\t<div class=\"elementor-element elementor-element-454bc99b e-con-full e-flex e-con e-child\" data-id=\"454bc99b\" data-element_type=\"container\" data-e-type=\"container\">\n\t\t\t\t<div class=\"elementor-element elementor-element-7729c1cd elementor-widget elementor-widget-heading\" data-id=\"7729c1cd\" data-element_type=\"widget\" data-e-type=\"widget\" data-widget_type=\"heading.default\">\n\t\t\t\t<div class=\"elementor-widget-container\">\n\t\t\t\t\t<h2 class=\"elementor-heading-title elementor-size-default\">05<\/h2>\t\t\t\t<\/div>\n\t\t\t\t<\/div>\n\t\t\t\t<div class=\"elementor-element elementor-element-443cd162 elementor-widget elementor-widget-heading\" data-id=\"443cd162\" data-element_type=\"widget\" data-e-type=\"widget\" data-widget_type=\"heading.default\">\n\t\t\t\t<div class=\"elementor-widget-container\">\n\t\t\t\t\t<h2 class=\"elementor-heading-title elementor-size-default\">Custom Web Development<\/h2>\t\t\t\t<\/div>\n\t\t\t\t<\/div>\n\t\t\t\t<div class=\"elementor-element elementor-element-2f4af322 elementor-widget elementor-widget-text-editor\" data-id=\"2f4af322\" data-element_type=\"widget\" data-e-type=\"widget\" data-widget_type=\"text-editor.default\">\n\t\t\t\t<div class=\"elementor-widget-container\">\n\t\t\t\t\t\t\t\t\t<p>We create fully tailored digital solutions, built from the ground up based on your specific business needs. When standard websites or plugins aren\u2019t enough, we develop custom features that integrate seamlessly with your workflow.<\/p>\t\t\t\t\t\t\t\t<\/div>\n\t\t\t\t<\/div>\n\t\t\t\t<\/div>\n\t\t\t\t\t<\/div>\n\t\t\t\t<\/div>\n\t\t<div class=\"elementor-element elementor-element-daf42a5 e-flex e-con-boxed e-con e-parent\" data-id=\"daf42a5\" data-element_type=\"container\" data-e-type=\"container\">\n\t\t\t\t\t<div class=\"e-con-inner\">\n\t\t\t\t<div class=\"elementor-element elementor-element-679b293 elementor-align-center elementor-widget elementor-widget-button\" data-id=\"679b293\" data-element_type=\"widget\" data-e-type=\"widget\" data-widget_type=\"button.default\">\n\t\t\t\t<div class=\"elementor-widget-container\">\n\t\t\t\t\t\t\t\t\t<div class=\"elementor-button-wrapper\">\n\t\t\t\t\t<a class=\"elementor-button elementor-button-link elementor-size-sm\" href=\"#\">\n\t\t\t\t\t\t<span class=\"elementor-button-content-wrapper\">\n\t\t\t\t\t\t\t\t\t<span class=\"elementor-button-text\">Speak to us today<\/span>\n\t\t\t\t\t<\/span>\n\t\t\t\t\t<\/a>\n\t\t\t\t<\/div>\n\t\t\t\t\t\t\t\t<\/div>\n\t\t\t\t<\/div>\n\t\t\t\t\t<\/div>\n\t\t\t\t<\/div>\n\t\t\t\t<\/div>","protected":false},"excerpt":{"rendered":"<p>Creamos sitios web profesionales y funcionales adaptados a tu negocio. Ya sea una web institucional, una tienda online o una plataforma de e-learning, desarrollamos soluciones en WordPress con dise\u00f1o personalizado, buen rendimiento y foco en resultados reales. 01 Desarrollo en WordPress Creamos sitios web profesionales en WordPress que se adaptan a las necesidades reales de [&hellip;]<\/p>\n","protected":false},"author":1,"featured_media":42,"parent":0,"menu_order":0,"comment_status":"closed","ping_status":"closed","template":"","meta":{"footnotes":""},"class_list":["post-1193","page","type-page","status-publish","has-post-thumbnail","hentry"],"yoast_head":"<!-- This site is optimized with the Yoast SEO Premium plugin v26.4 (Yoast SEO v27.3) - https:\/\/yoast.com\/product\/yoast-seo-premium-wordpress\/ -->\n<title>Desarrollo Web &#8212; GJGSYSTEM | Agencia de Marketing Integral en Buenos Aires y Barcelona<\/title>\n<meta name=\"description\" content=\"desarrollo web profesionales y funcionales adaptados a tu negocio. Ya sea una web institucional, una tienda online.\" \/>\n<meta name=\"robots\" content=\"index, follow, max-snippet:-1, max-image-preview:large, max-video-preview:-1\" \/>\n<link rel=\"canonical\" href=\"https:\/\/gjgsystem.com\/en\/desarrollo-web\/\" \/>\n<meta property=\"og:locale\" content=\"en_GB\" \/>\n<meta property=\"og:type\" content=\"article\" \/>\n<meta property=\"og:title\" content=\"Desarrollo Web\" \/>\n<meta property=\"og:description\" content=\"desarrollo web profesionales y funcionales adaptados a tu negocio. Ya sea una web institucional, una tienda online.\" \/>\n<meta property=\"og:url\" content=\"https:\/\/gjgsystem.com\/en\/desarrollo-web\/\" \/>\n<meta property=\"og:site_name\" content=\"GJGSYSTEM | Agencia de Marketing Integral en Buenos Aires y Barcelona\" \/>\n<meta property=\"article:publisher\" content=\"https:\/\/www.facebook.com\/gjgsystemDev\" \/>\n<meta property=\"article:modified_time\" content=\"2025-11-03T13:21:45+00:00\" \/>\n<meta property=\"og:image\" content=\"https:\/\/gjgsystem.com\/wp-content\/uploads\/2017\/10\/mantenimiento-gjgsystem-argentina.jpg\" \/>\n\t<meta property=\"og:image:width\" content=\"1440\" \/>\n\t<meta property=\"og:image:height\" content=\"646\" \/>\n\t<meta property=\"og:image:type\" content=\"image\/jpeg\" \/>\n<meta name=\"twitter:card\" content=\"summary_large_image\" \/>\n<meta name=\"twitter:label1\" content=\"Estimated reading time\" \/>\n\t<meta name=\"twitter:data1\" content=\"2 minutes\" \/>\n<script type=\"application\/ld+json\" class=\"yoast-schema-graph\">{\"@context\":\"https:\\\/\\\/schema.org\",\"@graph\":[{\"@type\":\"WebPage\",\"@id\":\"https:\\\/\\\/gjgsystem.com\\\/desarrollo-web\\\/\",\"url\":\"https:\\\/\\\/gjgsystem.com\\\/desarrollo-web\\\/\",\"name\":\"Desarrollo Web &#8212; GJGSYSTEM | Agencia de Marketing Integral en Buenos Aires y Barcelona\",\"isPartOf\":{\"@id\":\"https:\\\/\\\/gjgsystem.com\\\/#website\"},\"primaryImageOfPage\":{\"@id\":\"https:\\\/\\\/gjgsystem.com\\\/desarrollo-web\\\/#primaryimage\"},\"image\":{\"@id\":\"https:\\\/\\\/gjgsystem.com\\\/desarrollo-web\\\/#primaryimage\"},\"thumbnailUrl\":\"https:\\\/\\\/gjgsystem.com\\\/wp-content\\\/uploads\\\/2017\\\/10\\\/mantenimiento-gjgsystem-argentina.jpg\",\"datePublished\":\"2025-05-06T15:24:57+00:00\",\"dateModified\":\"2025-11-03T13:21:45+00:00\",\"description\":\"desarrollo web profesionales y funcionales adaptados a tu negocio. Ya sea una web institucional, una tienda online.\",\"breadcrumb\":{\"@id\":\"https:\\\/\\\/gjgsystem.com\\\/desarrollo-web\\\/#breadcrumb\"},\"inLanguage\":\"en-GB\",\"potentialAction\":[{\"@type\":\"ReadAction\",\"target\":[\"https:\\\/\\\/gjgsystem.com\\\/desarrollo-web\\\/\"]}]},{\"@type\":\"ImageObject\",\"inLanguage\":\"en-GB\",\"@id\":\"https:\\\/\\\/gjgsystem.com\\\/desarrollo-web\\\/#primaryimage\",\"url\":\"https:\\\/\\\/gjgsystem.com\\\/wp-content\\\/uploads\\\/2017\\\/10\\\/mantenimiento-gjgsystem-argentina.jpg\",\"contentUrl\":\"https:\\\/\\\/gjgsystem.com\\\/wp-content\\\/uploads\\\/2017\\\/10\\\/mantenimiento-gjgsystem-argentina.jpg\",\"width\":1440,\"height\":646,\"caption\":\"mantenimiento-gjgsystem-argentina\"},{\"@type\":\"BreadcrumbList\",\"@id\":\"https:\\\/\\\/gjgsystem.com\\\/desarrollo-web\\\/#breadcrumb\",\"itemListElement\":[{\"@type\":\"ListItem\",\"position\":1,\"name\":\"Portada\",\"item\":\"https:\\\/\\\/gjgsystem.com\\\/\"},{\"@type\":\"ListItem\",\"position\":2,\"name\":\"Desarrollo Web\"}]},{\"@type\":\"WebSite\",\"@id\":\"https:\\\/\\\/gjgsystem.com\\\/#website\",\"url\":\"https:\\\/\\\/gjgsystem.com\\\/\",\"name\":\"GJGSYSTEM | Agencia de Marketing Integral\",\"description\":\"Agencia de contenido, Marketing digital y dise\u00f1o web  Transformamos ideas en estrategias que convierten, \u00bfListo para destacar ? Cont\u00e1ctanos\",\"publisher\":{\"@id\":\"https:\\\/\\\/gjgsystem.com\\\/#organization\"},\"alternateName\":\"GJGSYSTEM | Agencia de Marketing Integral | Desarrollo en Wordpress\",\"potentialAction\":[{\"@type\":\"SearchAction\",\"target\":{\"@type\":\"EntryPoint\",\"urlTemplate\":\"https:\\\/\\\/gjgsystem.com\\\/?s={search_term_string}\"},\"query-input\":{\"@type\":\"PropertyValueSpecification\",\"valueRequired\":true,\"valueName\":\"search_term_string\"}}],\"inLanguage\":\"en-GB\"},{\"@type\":\"Organization\",\"@id\":\"https:\\\/\\\/gjgsystem.com\\\/#organization\",\"name\":\"GJGSYSTEM | Agencia de Marketing Integral\",\"alternateName\":\"GJGSYSTEM | Agencia de Marketing Integral\",\"url\":\"https:\\\/\\\/gjgsystem.com\\\/\",\"logo\":{\"@type\":\"ImageObject\",\"inLanguage\":\"en-GB\",\"@id\":\"https:\\\/\\\/gjgsystem.com\\\/#\\\/schema\\\/logo\\\/image\\\/\",\"url\":\"https:\\\/\\\/gjgsystem.com\\\/wp-content\\\/uploads\\\/2025\\\/05\\\/favicon.png\",\"contentUrl\":\"https:\\\/\\\/gjgsystem.com\\\/wp-content\\\/uploads\\\/2025\\\/05\\\/favicon.png\",\"width\":500,\"height\":500,\"caption\":\"GJGSYSTEM | Agencia de Marketing Integral\"},\"image\":{\"@id\":\"https:\\\/\\\/gjgsystem.com\\\/#\\\/schema\\\/logo\\\/image\\\/\"},\"sameAs\":[\"https:\\\/\\\/www.facebook.com\\\/gjgsystemDev\",\"https:\\\/\\\/www.youtube.com\\\/@gjgsystem\",\"https:\\\/\\\/www.instagram.com\\\/gjg_system\\\/\",\"https:\\\/\\\/linkedin.com\\\/company\\\/gjgsystem\"],\"publishingPrinciples\":\"https:\\\/\\\/gjgsystem.com\\\/\"}]}<\/script>\n<!-- \/ Yoast SEO Premium plugin. -->","yoast_head_json":{"title":"Desarrollo Web &#8212; GJGSYSTEM | Agencia de Marketing Integral en Buenos Aires y Barcelona","description":"desarrollo web profesionales y funcionales adaptados a tu negocio. Ya sea una web institucional, una tienda online.","robots":{"index":"index","follow":"follow","max-snippet":"max-snippet:-1","max-image-preview":"max-image-preview:large","max-video-preview":"max-video-preview:-1"},"canonical":"https:\/\/gjgsystem.com\/en\/desarrollo-web\/","og_locale":"en_GB","og_type":"article","og_title":"Desarrollo Web","og_description":"desarrollo web profesionales y funcionales adaptados a tu negocio. Ya sea una web institucional, una tienda online.","og_url":"https:\/\/gjgsystem.com\/en\/desarrollo-web\/","og_site_name":"GJGSYSTEM | Agencia de Marketing Integral en Buenos Aires y Barcelona","article_publisher":"https:\/\/www.facebook.com\/gjgsystemDev","article_modified_time":"2025-11-03T13:21:45+00:00","og_image":[{"width":1440,"height":646,"url":"https:\/\/gjgsystem.com\/wp-content\/uploads\/2017\/10\/mantenimiento-gjgsystem-argentina.jpg","type":"image\/jpeg"}],"twitter_card":"summary_large_image","twitter_misc":{"Estimated reading time":"2 minutes"},"schema":{"@context":"https:\/\/schema.org","@graph":[{"@type":"WebPage","@id":"https:\/\/gjgsystem.com\/desarrollo-web\/","url":"https:\/\/gjgsystem.com\/desarrollo-web\/","name":"Desarrollo Web &#8212; GJGSYSTEM | Agencia de Marketing Integral en Buenos Aires y Barcelona","isPartOf":{"@id":"https:\/\/gjgsystem.com\/#website"},"primaryImageOfPage":{"@id":"https:\/\/gjgsystem.com\/desarrollo-web\/#primaryimage"},"image":{"@id":"https:\/\/gjgsystem.com\/desarrollo-web\/#primaryimage"},"thumbnailUrl":"https:\/\/gjgsystem.com\/wp-content\/uploads\/2017\/10\/mantenimiento-gjgsystem-argentina.jpg","datePublished":"2025-05-06T15:24:57+00:00","dateModified":"2025-11-03T13:21:45+00:00","description":"desarrollo web profesionales y funcionales adaptados a tu negocio. Ya sea una web institucional, una tienda online.","breadcrumb":{"@id":"https:\/\/gjgsystem.com\/desarrollo-web\/#breadcrumb"},"inLanguage":"en-GB","potentialAction":[{"@type":"ReadAction","target":["https:\/\/gjgsystem.com\/desarrollo-web\/"]}]},{"@type":"ImageObject","inLanguage":"en-GB","@id":"https:\/\/gjgsystem.com\/desarrollo-web\/#primaryimage","url":"https:\/\/gjgsystem.com\/wp-content\/uploads\/2017\/10\/mantenimiento-gjgsystem-argentina.jpg","contentUrl":"https:\/\/gjgsystem.com\/wp-content\/uploads\/2017\/10\/mantenimiento-gjgsystem-argentina.jpg","width":1440,"height":646,"caption":"mantenimiento-gjgsystem-argentina"},{"@type":"BreadcrumbList","@id":"https:\/\/gjgsystem.com\/desarrollo-web\/#breadcrumb","itemListElement":[{"@type":"ListItem","position":1,"name":"Portada","item":"https:\/\/gjgsystem.com\/"},{"@type":"ListItem","position":2,"name":"Desarrollo Web"}]},{"@type":"WebSite","@id":"https:\/\/gjgsystem.com\/#website","url":"https:\/\/gjgsystem.com\/","name":"GJGSYSTEM | Agencia de Marketing Integral","description":"Agencia de contenido, Marketing digital y dise\u00f1o web  Transformamos ideas en estrategias que convierten, \u00bfListo para destacar ? Cont\u00e1ctanos","publisher":{"@id":"https:\/\/gjgsystem.com\/#organization"},"alternateName":"GJGSYSTEM | Agencia de Marketing Integral | Desarrollo en Wordpress","potentialAction":[{"@type":"SearchAction","target":{"@type":"EntryPoint","urlTemplate":"https:\/\/gjgsystem.com\/?s={search_term_string}"},"query-input":{"@type":"PropertyValueSpecification","valueRequired":true,"valueName":"search_term_string"}}],"inLanguage":"en-GB"},{"@type":"Organization","@id":"https:\/\/gjgsystem.com\/#organization","name":"GJGSYSTEM | Agencia de Marketing Integral","alternateName":"GJGSYSTEM | Agencia de Marketing Integral","url":"https:\/\/gjgsystem.com\/","logo":{"@type":"ImageObject","inLanguage":"en-GB","@id":"https:\/\/gjgsystem.com\/#\/schema\/logo\/image\/","url":"https:\/\/gjgsystem.com\/wp-content\/uploads\/2025\/05\/favicon.png","contentUrl":"https:\/\/gjgsystem.com\/wp-content\/uploads\/2025\/05\/favicon.png","width":500,"height":500,"caption":"GJGSYSTEM | Agencia de Marketing Integral"},"image":{"@id":"https:\/\/gjgsystem.com\/#\/schema\/logo\/image\/"},"sameAs":["https:\/\/www.facebook.com\/gjgsystemDev","https:\/\/www.youtube.com\/@gjgsystem","https:\/\/www.instagram.com\/gjg_system\/","https:\/\/linkedin.com\/company\/gjgsystem"],"publishingPrinciples":"https:\/\/gjgsystem.com\/"}]}},"_links":{"self":[{"href":"https:\/\/gjgsystem.com\/en\/wp-json\/wp\/v2\/pages\/1193","targetHints":{"allow":["GET"]}}],"collection":[{"href":"https:\/\/gjgsystem.com\/en\/wp-json\/wp\/v2\/pages"}],"about":[{"href":"https:\/\/gjgsystem.com\/en\/wp-json\/wp\/v2\/types\/page"}],"author":[{"embeddable":true,"href":"https:\/\/gjgsystem.com\/en\/wp-json\/wp\/v2\/users\/1"}],"replies":[{"embeddable":true,"href":"https:\/\/gjgsystem.com\/en\/wp-json\/wp\/v2\/comments?post=1193"}],"version-history":[{"count":0,"href":"https:\/\/gjgsystem.com\/en\/wp-json\/wp\/v2\/pages\/1193\/revisions"}],"wp:featuredmedia":[{"embeddable":true,"href":"https:\/\/gjgsystem.com\/en\/wp-json\/wp\/v2\/media\/42"}],"wp:attachment":[{"href":"https:\/\/gjgsystem.com\/en\/wp-json\/wp\/v2\/media?parent=1193"}],"curies":[{"name":"wp","href":"https:\/\/api.w.org\/{rel}","templated":true}]}}