{"id":1196,"date":"2025-05-06T12:35:35","date_gmt":"2025-05-06T15:35:35","guid":{"rendered":"https:\/\/gjgsystem.com\/?page_id=1196"},"modified":"2025-10-01T10:37:34","modified_gmt":"2025-10-01T13:37:34","slug":"mantenimiento-web","status":"publish","type":"page","link":"https:\/\/gjgsystem.com\/en\/mantenimiento-web\/","title":{"rendered":"Website Maintenance"},"content":{"rendered":"<div data-elementor-type=\"wp-page\" data-elementor-id=\"1196\" class=\"elementor elementor-1196\" data-elementor-post-type=\"page\">\n\t\t\t\t<div class=\"elementor-element elementor-element-30ce64e e-flex e-con-boxed e-con e-parent\" data-id=\"30ce64e\" data-element_type=\"container\" data-e-type=\"container\">\n\t\t\t\t\t<div class=\"e-con-inner\">\n\t\t\t\t<div class=\"elementor-element elementor-element-3e8859c elementor-widget elementor-widget-heading\" data-id=\"3e8859c\" data-element_type=\"widget\" data-e-type=\"widget\" data-widget_type=\"heading.default\">\n\t\t\t\t<div class=\"elementor-widget-container\">\n\t\t\t\t\t<h2 class=\"elementor-heading-title elementor-size-default\">Do You Have a Website for Your Business? Then This Is for You.<\/h2>\t\t\t\t<\/div>\n\t\t\t\t<\/div>\n\t\t\t\t<div class=\"elementor-element elementor-element-2a16523 elementor-widget elementor-widget-text-editor\" data-id=\"2a16523\" data-element_type=\"widget\" data-e-type=\"widget\" data-widget_type=\"text-editor.default\">\n\t\t\t\t<div class=\"elementor-widget-container\">\n\t\t\t\t\t\t\t\t\t<p>Many entrepreneurs and SME owners believe that just having a website is enough.\nBut the truth is, a website without maintenance is like a shop with no cleaning, no stock control, and no security.<\/p>\t\t\t\t\t\t\t\t<\/div>\n\t\t\t\t<\/div>\n\t\t\t\t<div class=\"elementor-element elementor-element-bb1da02 elementor-widget elementor-widget-heading\" data-id=\"bb1da02\" data-element_type=\"widget\" data-e-type=\"widget\" data-widget_type=\"heading.default\">\n\t\t\t\t<div class=\"elementor-widget-container\">\n\t\t\t\t\t<h2 class=\"elementor-heading-title elementor-size-default\">A Website Without Maintenance:<\/h2>\t\t\t\t<\/div>\n\t\t\t\t<\/div>\n\t\t\t\t<div class=\"elementor-element elementor-element-54837ab elementor-icon-list--layout-traditional elementor-list-item-link-full_width elementor-widget elementor-widget-icon-list\" data-id=\"54837ab\" data-element_type=\"widget\" data-e-type=\"widget\" data-widget_type=\"icon-list.default\">\n\t\t\t\t<div class=\"elementor-widget-container\">\n\t\t\t\t\t\t\t<ul class=\"elementor-icon-list-items\">\n\t\t\t\t\t\t\t<li class=\"elementor-icon-list-item\">\n\t\t\t\t\t\t\t\t\t\t<span class=\"elementor-icon-list-text\"><strong>01<\/strong>   Loses speed<\/span>\n\t\t\t\t\t\t\t\t\t<\/li>\n\t\t\t\t\t\t\t\t<li class=\"elementor-icon-list-item\">\n\t\t\t\t\t\t\t\t\t\t<span class=\"elementor-icon-list-text\"><strong>02 <\/strong>  Becomes vulnerable<\/span>\n\t\t\t\t\t\t\t\t\t<\/li>\n\t\t\t\t\t\t\t\t<li class=\"elementor-icon-list-item\">\n\t\t\t\t\t\t\t\t\t\t<span class=\"elementor-icon-list-text\"><strong>03 <\/strong>  Might stop working<\/span>\n\t\t\t\t\t\t\t\t\t<\/li>\n\t\t\t\t\t\t\t\t<li class=\"elementor-icon-list-item\">\n\t\t\t\t\t\t\t\t\t\t<span class=\"elementor-icon-list-text\"><strong>04<\/strong>  Makes you lose sales<\/span>\n\t\t\t\t\t\t\t\t\t<\/li>\n\t\t\t\t\t\t<\/ul>\n\t\t\t\t\t\t<\/div>\n\t\t\t\t<\/div>\n\t\t\t\t<div class=\"elementor-element elementor-element-e2378db elementor-widget elementor-widget-heading\" data-id=\"e2378db\" data-element_type=\"widget\" data-e-type=\"widget\" data-widget_type=\"heading.default\">\n\t\t\t\t<div class=\"elementor-widget-container\">\n\t\t\t\t\t<h2 class=\"elementor-heading-title elementor-size-default\">What Do You Gain With Website Maintenance?<\/h2>\t\t\t\t<\/div>\n\t\t\t\t<\/div>\n\t\t\t\t<div class=\"elementor-element elementor-element-9ae78a4 elementor-icon-list--layout-traditional elementor-list-item-link-full_width elementor-widget elementor-widget-icon-list\" data-id=\"9ae78a4\" data-element_type=\"widget\" data-e-type=\"widget\" data-widget_type=\"icon-list.default\">\n\t\t\t\t<div class=\"elementor-widget-container\">\n\t\t\t\t\t\t\t<ul class=\"elementor-icon-list-items\">\n\t\t\t\t\t\t\t<li class=\"elementor-icon-list-item\">\n\t\t\t\t\t\t\t\t\t\t<span class=\"elementor-icon-list-text\"><strong>01<\/strong> Security: We protect your site from viruses, hackers, and errors that could take it offline.<\/li><\/span>\n\t\t\t\t\t\t\t\t\t<\/li>\n\t\t\t\t\t\t\t\t<li class=\"elementor-icon-list-item\">\n\t\t\t\t\t\t\t\t\t\t<span class=\"elementor-icon-list-text\"><strong>02<\/strong> Speed: We optimise performance so your visitors don\u2019t leave due to slow loading.<\/span>\n\t\t\t\t\t\t\t\t\t<\/li>\n\t\t\t\t\t\t\t\t<li class=\"elementor-icon-list-item\">\n\t\t\t\t\t\t\t\t\t\t<span class=\"elementor-icon-list-text\"><strong>03<\/strong> Updates: We keep WordPress, plugins, and themes up to date\u2014error-free.<\/span>\n\t\t\t\t\t\t\t\t\t<\/li>\n\t\t\t\t\t\t\t\t<li class=\"elementor-icon-list-item\">\n\t\t\t\t\t\t\t\t\t\t<span class=\"elementor-icon-list-text\"><strong>04<\/strong> Backups: We run regular backups so you never lose your data.<\/span>\n\t\t\t\t\t\t\t\t\t<\/li>\n\t\t\t\t\t\t\t\t<li class=\"elementor-icon-list-item\">\n\t\t\t\t\t\t\t\t\t\t<span class=\"elementor-icon-list-text\"><strong>05<\/strong> Professional Image: Your site stays clean, updated, and error-free.<\/span>\n\t\t\t\t\t\t\t\t\t<\/li>\n\t\t\t\t\t\t\t\t<li class=\"elementor-icon-list-item\">\n\t\t\t\t\t\t\t\t\t\t<span class=\"elementor-icon-list-text\"><strong>06<\/strong> Peace of Mind: You focus on your business\u2014we take care of your website.<\/span>\n\t\t\t\t\t\t\t\t\t<\/li>\n\t\t\t\t\t\t<\/ul>\n\t\t\t\t\t\t<\/div>\n\t\t\t\t<\/div>\n\t\t\t\t<div class=\"elementor-element elementor-element-3872132 elementor-widget elementor-widget-heading\" data-id=\"3872132\" data-element_type=\"widget\" data-e-type=\"widget\" data-widget_type=\"heading.default\">\n\t\t\t\t<div class=\"elementor-widget-container\">\n\t\t\t\t\t<h2 class=\"elementor-heading-title elementor-size-default\">A well-maintained website sells more, builds trust, and performs better.<\/h2>\t\t\t\t<\/div>\n\t\t\t\t<\/div>\n\t\t\t\t\t<\/div>\n\t\t\t\t<\/div>\n\t\t<div class=\"elementor-element elementor-element-7cbb635 e-flex e-con-boxed e-con e-parent\" data-id=\"7cbb635\" data-element_type=\"container\" data-e-type=\"container\">\n\t\t\t\t\t<div class=\"e-con-inner\">\n\t\t\t\t<div class=\"elementor-element elementor-element-53caab3 elementor-widget elementor-widget-heading\" data-id=\"53caab3\" data-element_type=\"widget\" data-e-type=\"widget\" data-widget_type=\"heading.default\">\n\t\t\t\t<div class=\"elementor-widget-container\">\n\t\t\t\t\t<h4 class=\"elementor-heading-title elementor-size-default\">If you want your site to work for you 24\/7, start maintaining it.<\/h4>\t\t\t\t<\/div>\n\t\t\t\t<\/div>\n\t\t\t\t\t<\/div>\n\t\t\t\t<\/div>\n\t\t<div class=\"elementor-element elementor-element-a5cc2e4 e-flex e-con-boxed e-con e-parent\" data-id=\"a5cc2e4\" data-element_type=\"container\" data-e-type=\"container\">\n\t\t\t\t\t<div class=\"e-con-inner\">\n\t\t\t\t<div class=\"elementor-element elementor-element-f722810 elementor-align-center elementor-widget elementor-widget-button\" data-id=\"f722810\" data-element_type=\"widget\" data-e-type=\"widget\" data-widget_type=\"button.default\">\n\t\t\t\t<div class=\"elementor-widget-container\">\n\t\t\t\t\t\t\t\t\t<div class=\"elementor-button-wrapper\">\n\t\t\t\t\t<a class=\"elementor-button elementor-button-link elementor-size-sm\" href=\"\/en\/contacto\/\">\n\t\t\t\t\t\t<span class=\"elementor-button-content-wrapper\">\n\t\t\t\t\t\t\t\t\t<span class=\"elementor-button-text\">Contact us now!!<\/span>\n\t\t\t\t\t<\/span>\n\t\t\t\t\t<\/a>\n\t\t\t\t<\/div>\n\t\t\t\t\t\t\t\t<\/div>\n\t\t\t\t<\/div>\n\t\t\t\t\t<\/div>\n\t\t\t\t<\/div>\n\t\t\t\t<\/div>","protected":false},"excerpt":{"rendered":"<p>\u00bfTen\u00e9s una web para tu negocio? Entonces esto te interesa. Muchos emprendedores y due\u00f1os de PYMES creen que tener una p\u00e1gina web es suficiente. Pero la verdad es que una web sin mantenimiento es como un local sin limpieza, sin control de stock, ni seguridad. Una web que no se mantiene 01 Pierde velocidad 02 [&hellip;]<\/p>\n","protected":false},"author":1,"featured_media":475,"parent":0,"menu_order":0,"comment_status":"closed","ping_status":"closed","template":"","meta":{"footnotes":""},"class_list":["post-1196","page","type-page","status-publish","has-post-thumbnail","hentry"],"yoast_head":"<!-- This site is optimized with the Yoast SEO Premium plugin v26.4 (Yoast SEO v27.3) - https:\/\/yoast.com\/product\/yoast-seo-premium-wordpress\/ -->\n<title>Mantenimiento Web &#8212; GJGSYSTEM | Agencia de Marketing Integral en Buenos Aires y Barcelona<\/title>\n<meta name=\"robots\" content=\"index, follow, max-snippet:-1, max-image-preview:large, max-video-preview:-1\" \/>\n<link rel=\"canonical\" href=\"https:\/\/gjgsystem.com\/en\/mantenimiento-web\/\" \/>\n<meta property=\"og:locale\" content=\"en_GB\" \/>\n<meta property=\"og:type\" content=\"article\" \/>\n<meta property=\"og:title\" content=\"Mantenimiento Web\" \/>\n<meta property=\"og:description\" content=\"\u00bfTen\u00e9s una web para tu negocio? Entonces esto te interesa. Muchos emprendedores y due\u00f1os de PYMES creen que tener una p\u00e1gina web es suficiente. Pero la verdad es que una web sin mantenimiento es como un local sin limpieza, sin control de stock, ni seguridad. Una web que no se mantiene 01 Pierde velocidad 02 [&hellip;]\" \/>\n<meta property=\"og:url\" content=\"https:\/\/gjgsystem.com\/en\/mantenimiento-web\/\" \/>\n<meta property=\"og:site_name\" content=\"GJGSYSTEM | Agencia de Marketing Integral en Buenos Aires y Barcelona\" \/>\n<meta property=\"article:publisher\" content=\"https:\/\/www.facebook.com\/gjgsystemDev\" \/>\n<meta property=\"article:modified_time\" content=\"2025-10-01T13:37:34+00:00\" \/>\n<meta property=\"og:image\" content=\"https:\/\/gjgsystem.com\/wp-content\/uploads\/2018\/10\/html5-1.jpg\" \/>\n\t<meta property=\"og:image:width\" content=\"1000\" \/>\n\t<meta property=\"og:image:height\" content=\"500\" \/>\n\t<meta property=\"og:image:type\" content=\"image\/jpeg\" \/>\n<meta name=\"twitter:card\" content=\"summary_large_image\" \/>\n<meta name=\"twitter:label1\" content=\"Estimated reading time\" \/>\n\t<meta name=\"twitter:data1\" content=\"1 minute\" \/>\n<script type=\"application\/ld+json\" class=\"yoast-schema-graph\">{\"@context\":\"https:\\\/\\\/schema.org\",\"@graph\":[{\"@type\":\"WebPage\",\"@id\":\"https:\\\/\\\/gjgsystem.com\\\/mantenimiento-web\\\/\",\"url\":\"https:\\\/\\\/gjgsystem.com\\\/mantenimiento-web\\\/\",\"name\":\"Mantenimiento Web &#8212; GJGSYSTEM | Agencia de Marketing Integral en Buenos Aires y Barcelona\",\"isPartOf\":{\"@id\":\"https:\\\/\\\/gjgsystem.com\\\/#website\"},\"primaryImageOfPage\":{\"@id\":\"https:\\\/\\\/gjgsystem.com\\\/mantenimiento-web\\\/#primaryimage\"},\"image\":{\"@id\":\"https:\\\/\\\/gjgsystem.com\\\/mantenimiento-web\\\/#primaryimage\"},\"thumbnailUrl\":\"https:\\\/\\\/gjgsystem.com\\\/wp-content\\\/uploads\\\/2018\\\/10\\\/html5-1.jpg\",\"datePublished\":\"2025-05-06T15:35:35+00:00\",\"dateModified\":\"2025-10-01T13:37:34+00:00\",\"breadcrumb\":{\"@id\":\"https:\\\/\\\/gjgsystem.com\\\/mantenimiento-web\\\/#breadcrumb\"},\"inLanguage\":\"en-GB\",\"potentialAction\":[{\"@type\":\"ReadAction\",\"target\":[\"https:\\\/\\\/gjgsystem.com\\\/mantenimiento-web\\\/\"]}]},{\"@type\":\"ImageObject\",\"inLanguage\":\"en-GB\",\"@id\":\"https:\\\/\\\/gjgsystem.com\\\/mantenimiento-web\\\/#primaryimage\",\"url\":\"https:\\\/\\\/gjgsystem.com\\\/wp-content\\\/uploads\\\/2018\\\/10\\\/html5-1.jpg\",\"contentUrl\":\"https:\\\/\\\/gjgsystem.com\\\/wp-content\\\/uploads\\\/2018\\\/10\\\/html5-1.jpg\",\"width\":1000,\"height\":500,\"caption\":\"Nosotros\"},{\"@type\":\"BreadcrumbList\",\"@id\":\"https:\\\/\\\/gjgsystem.com\\\/mantenimiento-web\\\/#breadcrumb\",\"itemListElement\":[{\"@type\":\"ListItem\",\"position\":1,\"name\":\"Portada\",\"item\":\"https:\\\/\\\/gjgsystem.com\\\/\"},{\"@type\":\"ListItem\",\"position\":2,\"name\":\"Mantenimiento Web\"}]},{\"@type\":\"WebSite\",\"@id\":\"https:\\\/\\\/gjgsystem.com\\\/#website\",\"url\":\"https:\\\/\\\/gjgsystem.com\\\/\",\"name\":\"GJGSYSTEM | Agencia de Marketing Integral\",\"description\":\"Agencia de contenido, Marketing digital y dise\u00f1o web  Transformamos ideas en estrategias que convierten, \u00bfListo para destacar ? Cont\u00e1ctanos\",\"publisher\":{\"@id\":\"https:\\\/\\\/gjgsystem.com\\\/#organization\"},\"alternateName\":\"GJGSYSTEM | Agencia de Marketing Integral | Desarrollo en Wordpress\",\"potentialAction\":[{\"@type\":\"SearchAction\",\"target\":{\"@type\":\"EntryPoint\",\"urlTemplate\":\"https:\\\/\\\/gjgsystem.com\\\/?s={search_term_string}\"},\"query-input\":{\"@type\":\"PropertyValueSpecification\",\"valueRequired\":true,\"valueName\":\"search_term_string\"}}],\"inLanguage\":\"en-GB\"},{\"@type\":\"Organization\",\"@id\":\"https:\\\/\\\/gjgsystem.com\\\/#organization\",\"name\":\"GJGSYSTEM | Agencia de Marketing Integral\",\"alternateName\":\"GJGSYSTEM | Agencia de Marketing Integral\",\"url\":\"https:\\\/\\\/gjgsystem.com\\\/\",\"logo\":{\"@type\":\"ImageObject\",\"inLanguage\":\"en-GB\",\"@id\":\"https:\\\/\\\/gjgsystem.com\\\/#\\\/schema\\\/logo\\\/image\\\/\",\"url\":\"https:\\\/\\\/gjgsystem.com\\\/wp-content\\\/uploads\\\/2025\\\/05\\\/favicon.png\",\"contentUrl\":\"https:\\\/\\\/gjgsystem.com\\\/wp-content\\\/uploads\\\/2025\\\/05\\\/favicon.png\",\"width\":500,\"height\":500,\"caption\":\"GJGSYSTEM | Agencia de Marketing Integral\"},\"image\":{\"@id\":\"https:\\\/\\\/gjgsystem.com\\\/#\\\/schema\\\/logo\\\/image\\\/\"},\"sameAs\":[\"https:\\\/\\\/www.facebook.com\\\/gjgsystemDev\",\"https:\\\/\\\/www.youtube.com\\\/@gjgsystem\",\"https:\\\/\\\/www.instagram.com\\\/gjg_system\\\/\",\"https:\\\/\\\/linkedin.com\\\/company\\\/gjgsystem\"],\"publishingPrinciples\":\"https:\\\/\\\/gjgsystem.com\\\/\"}]}<\/script>\n<!-- \/ Yoast SEO Premium plugin. -->","yoast_head_json":{"title":"Mantenimiento Web &#8212; GJGSYSTEM | Agencia de Marketing Integral en Buenos Aires y Barcelona","robots":{"index":"index","follow":"follow","max-snippet":"max-snippet:-1","max-image-preview":"max-image-preview:large","max-video-preview":"max-video-preview:-1"},"canonical":"https:\/\/gjgsystem.com\/en\/mantenimiento-web\/","og_locale":"en_GB","og_type":"article","og_title":"Mantenimiento Web","og_description":"\u00bfTen\u00e9s una web para tu negocio? Entonces esto te interesa. Muchos emprendedores y due\u00f1os de PYMES creen que tener una p\u00e1gina web es suficiente. Pero la verdad es que una web sin mantenimiento es como un local sin limpieza, sin control de stock, ni seguridad. Una web que no se mantiene 01 Pierde velocidad 02 [&hellip;]","og_url":"https:\/\/gjgsystem.com\/en\/mantenimiento-web\/","og_site_name":"GJGSYSTEM | Agencia de Marketing Integral en Buenos Aires y Barcelona","article_publisher":"https:\/\/www.facebook.com\/gjgsystemDev","article_modified_time":"2025-10-01T13:37:34+00:00","og_image":[{"width":1000,"height":500,"url":"https:\/\/gjgsystem.com\/wp-content\/uploads\/2018\/10\/html5-1.jpg","type":"image\/jpeg"}],"twitter_card":"summary_large_image","twitter_misc":{"Estimated reading time":"1 minute"},"schema":{"@context":"https:\/\/schema.org","@graph":[{"@type":"WebPage","@id":"https:\/\/gjgsystem.com\/mantenimiento-web\/","url":"https:\/\/gjgsystem.com\/mantenimiento-web\/","name":"Mantenimiento Web &#8212; GJGSYSTEM | Agencia de Marketing Integral en Buenos Aires y Barcelona","isPartOf":{"@id":"https:\/\/gjgsystem.com\/#website"},"primaryImageOfPage":{"@id":"https:\/\/gjgsystem.com\/mantenimiento-web\/#primaryimage"},"image":{"@id":"https:\/\/gjgsystem.com\/mantenimiento-web\/#primaryimage"},"thumbnailUrl":"https:\/\/gjgsystem.com\/wp-content\/uploads\/2018\/10\/html5-1.jpg","datePublished":"2025-05-06T15:35:35+00:00","dateModified":"2025-10-01T13:37:34+00:00","breadcrumb":{"@id":"https:\/\/gjgsystem.com\/mantenimiento-web\/#breadcrumb"},"inLanguage":"en-GB","potentialAction":[{"@type":"ReadAction","target":["https:\/\/gjgsystem.com\/mantenimiento-web\/"]}]},{"@type":"ImageObject","inLanguage":"en-GB","@id":"https:\/\/gjgsystem.com\/mantenimiento-web\/#primaryimage","url":"https:\/\/gjgsystem.com\/wp-content\/uploads\/2018\/10\/html5-1.jpg","contentUrl":"https:\/\/gjgsystem.com\/wp-content\/uploads\/2018\/10\/html5-1.jpg","width":1000,"height":500,"caption":"Nosotros"},{"@type":"BreadcrumbList","@id":"https:\/\/gjgsystem.com\/mantenimiento-web\/#breadcrumb","itemListElement":[{"@type":"ListItem","position":1,"name":"Portada","item":"https:\/\/gjgsystem.com\/"},{"@type":"ListItem","position":2,"name":"Mantenimiento Web"}]},{"@type":"WebSite","@id":"https:\/\/gjgsystem.com\/#website","url":"https:\/\/gjgsystem.com\/","name":"GJGSYSTEM | Agencia de Marketing Integral","description":"Agencia de contenido, Marketing digital y dise\u00f1o web  Transformamos ideas en estrategias que convierten, \u00bfListo para destacar ? Cont\u00e1ctanos","publisher":{"@id":"https:\/\/gjgsystem.com\/#organization"},"alternateName":"GJGSYSTEM | Agencia de Marketing Integral | Desarrollo en Wordpress","potentialAction":[{"@type":"SearchAction","target":{"@type":"EntryPoint","urlTemplate":"https:\/\/gjgsystem.com\/?s={search_term_string}"},"query-input":{"@type":"PropertyValueSpecification","valueRequired":true,"valueName":"search_term_string"}}],"inLanguage":"en-GB"},{"@type":"Organization","@id":"https:\/\/gjgsystem.com\/#organization","name":"GJGSYSTEM | Agencia de Marketing Integral","alternateName":"GJGSYSTEM | Agencia de Marketing Integral","url":"https:\/\/gjgsystem.com\/","logo":{"@type":"ImageObject","inLanguage":"en-GB","@id":"https:\/\/gjgsystem.com\/#\/schema\/logo\/image\/","url":"https:\/\/gjgsystem.com\/wp-content\/uploads\/2025\/05\/favicon.png","contentUrl":"https:\/\/gjgsystem.com\/wp-content\/uploads\/2025\/05\/favicon.png","width":500,"height":500,"caption":"GJGSYSTEM | Agencia de Marketing Integral"},"image":{"@id":"https:\/\/gjgsystem.com\/#\/schema\/logo\/image\/"},"sameAs":["https:\/\/www.facebook.com\/gjgsystemDev","https:\/\/www.youtube.com\/@gjgsystem","https:\/\/www.instagram.com\/gjg_system\/","https:\/\/linkedin.com\/company\/gjgsystem"],"publishingPrinciples":"https:\/\/gjgsystem.com\/"}]}},"_links":{"self":[{"href":"https:\/\/gjgsystem.com\/en\/wp-json\/wp\/v2\/pages\/1196","targetHints":{"allow":["GET"]}}],"collection":[{"href":"https:\/\/gjgsystem.com\/en\/wp-json\/wp\/v2\/pages"}],"about":[{"href":"https:\/\/gjgsystem.com\/en\/wp-json\/wp\/v2\/types\/page"}],"author":[{"embeddable":true,"href":"https:\/\/gjgsystem.com\/en\/wp-json\/wp\/v2\/users\/1"}],"replies":[{"embeddable":true,"href":"https:\/\/gjgsystem.com\/en\/wp-json\/wp\/v2\/comments?post=1196"}],"version-history":[{"count":0,"href":"https:\/\/gjgsystem.com\/en\/wp-json\/wp\/v2\/pages\/1196\/revisions"}],"wp:featuredmedia":[{"embeddable":true,"href":"https:\/\/gjgsystem.com\/en\/wp-json\/wp\/v2\/media\/475"}],"wp:attachment":[{"href":"https:\/\/gjgsystem.com\/en\/wp-json\/wp\/v2\/media?parent=1196"}],"curies":[{"name":"wp","href":"https:\/\/api.w.org\/{rel}","templated":true}]}}