{"id":1198,"date":"2025-05-06T12:37:07","date_gmt":"2025-05-06T15:37:07","guid":{"rendered":"https:\/\/gjgsystem.com\/?page_id=1198"},"modified":"2025-10-30T21:24:17","modified_gmt":"2025-10-31T00:24:17","slug":"marketing-digital","status":"publish","type":"page","link":"https:\/\/gjgsystem.com\/en\/marketing-digital\/","title":{"rendered":"Digital Marketing"},"content":{"rendered":"<div data-elementor-type=\"wp-page\" data-elementor-id=\"1198\" class=\"elementor elementor-1198\" data-elementor-post-type=\"page\">\n\t\t\t\t<div class=\"elementor-element elementor-element-449e00b e-flex e-con-boxed e-con e-parent\" data-id=\"449e00b\" data-element_type=\"container\" data-e-type=\"container\">\n\t\t\t\t\t<div class=\"e-con-inner\">\n\t\t\t\t<div class=\"elementor-element elementor-element-9e66b3e elementor-widget elementor-widget-heading\" data-id=\"9e66b3e\" data-element_type=\"widget\" data-e-type=\"widget\" data-widget_type=\"heading.default\">\n\t\t\t\t<div class=\"elementor-widget-container\">\n\t\t\t\t\t<h2 class=\"elementor-heading-title elementor-size-default\">Boost Your SME with Effective Digital Tools<\/h2>\t\t\t\t<\/div>\n\t\t\t\t<\/div>\n\t\t\t\t<div class=\"elementor-element elementor-element-f65f8b3 elementor-widget elementor-widget-text-editor\" data-id=\"f65f8b3\" data-element_type=\"widget\" data-e-type=\"widget\" data-widget_type=\"text-editor.default\">\n\t\t\t\t<div class=\"elementor-widget-container\">\n\t\t\t\t\t\t\t\t\t<p>We design tailored solutions for small and medium-sized businesses looking to grow online. Improve your communication, reach more customers, and optimise your website to boost both your sales and your brand image.<\/p>\t\t\t\t\t\t\t\t<\/div>\n\t\t\t\t<\/div>\n\t\t\t\t\t<\/div>\n\t\t\t\t<\/div>\n\t\t<div class=\"elementor-element elementor-element-a43dd31 e-flex e-con-boxed e-con e-parent\" data-id=\"a43dd31\" data-element_type=\"container\" data-e-type=\"container\">\n\t\t\t\t\t<div class=\"e-con-inner\">\n\t\t<div class=\"elementor-element elementor-element-4e3d8cf e-con-full e-flex e-con e-child\" data-id=\"4e3d8cf\" data-element_type=\"container\" data-e-type=\"container\">\n\t\t\t\t<div class=\"elementor-element elementor-element-d7b1662 elementor-widget elementor-widget-heading\" data-id=\"d7b1662\" data-element_type=\"widget\" data-e-type=\"widget\" data-widget_type=\"heading.default\">\n\t\t\t\t<div class=\"elementor-widget-container\">\n\t\t\t\t\t<h2 class=\"elementor-heading-title elementor-size-default\">01<\/h2>\t\t\t\t<\/div>\n\t\t\t\t<\/div>\n\t\t\t\t<div class=\"elementor-element elementor-element-11b984c elementor-widget elementor-widget-heading\" data-id=\"11b984c\" data-element_type=\"widget\" data-e-type=\"widget\" data-widget_type=\"heading.default\">\n\t\t\t\t<div class=\"elementor-widget-container\">\n\t\t\t\t\t<h2 class=\"elementor-heading-title elementor-size-default\">Professional Marketing and Website Optimisation Services<\/h2>\t\t\t\t<\/div>\n\t\t\t\t<\/div>\n\t\t\t\t<div class=\"elementor-element elementor-element-937c139 elementor-widget elementor-widget-text-editor\" data-id=\"937c139\" data-element_type=\"widget\" data-e-type=\"widget\" data-widget_type=\"text-editor.default\">\n\t\t\t\t<div class=\"elementor-widget-container\">\n\t\t\t\t\t\t\t\t\t<p>Enhance your digital presence with strategic solutions that improve communication, search engine visibility, and user experience on your website.<\/p>\t\t\t\t\t\t\t\t<\/div>\n\t\t\t\t<\/div>\n\t\t\t\t<\/div>\n\t\t<div class=\"elementor-element elementor-element-d99776b e-con-full e-flex e-con e-child\" data-id=\"d99776b\" data-element_type=\"container\" data-e-type=\"container\">\n\t\t\t\t<div class=\"elementor-element elementor-element-eb91a43 elementor-widget elementor-widget-heading\" data-id=\"eb91a43\" data-element_type=\"widget\" data-e-type=\"widget\" data-widget_type=\"heading.default\">\n\t\t\t\t<div class=\"elementor-widget-container\">\n\t\t\t\t\t<h2 class=\"elementor-heading-title elementor-size-default\">02<\/h2>\t\t\t\t<\/div>\n\t\t\t\t<\/div>\n\t\t\t\t<div class=\"elementor-element elementor-element-e898d5e elementor-widget elementor-widget-heading\" data-id=\"e898d5e\" data-element_type=\"widget\" data-e-type=\"widget\" data-widget_type=\"heading.default\">\n\t\t\t\t<div class=\"elementor-widget-container\">\n\t\t\t\t\t<h2 class=\"elementor-heading-title elementor-size-default\">Content Writing<\/h2>\t\t\t\t<\/div>\n\t\t\t\t<\/div>\n\t\t\t\t<div class=\"elementor-element elementor-element-0f219e7 elementor-widget elementor-widget-text-editor\" data-id=\"0f219e7\" data-element_type=\"widget\" data-e-type=\"widget\" data-widget_type=\"text-editor.default\">\n\t\t\t\t<div class=\"elementor-widget-container\">\n\t\t\t\t\t\t\t\t\t<p>We create professional, persuasive, and SEO-optimised copy. Quality content ranks better, communicates clearly, and turns visits into customers.<\/p>\t\t\t\t\t\t\t\t<\/div>\n\t\t\t\t<\/div>\n\t\t\t\t<\/div>\n\t\t<div class=\"elementor-element elementor-element-e52e475 e-con-full e-flex e-con e-child\" data-id=\"e52e475\" data-element_type=\"container\" data-e-type=\"container\">\n\t\t\t\t<div class=\"elementor-element elementor-element-5e75521 elementor-widget elementor-widget-heading\" data-id=\"5e75521\" data-element_type=\"widget\" data-e-type=\"widget\" data-widget_type=\"heading.default\">\n\t\t\t\t<div class=\"elementor-widget-container\">\n\t\t\t\t\t<h2 class=\"elementor-heading-title elementor-size-default\">03<\/h2>\t\t\t\t<\/div>\n\t\t\t\t<\/div>\n\t\t\t\t<div class=\"elementor-element elementor-element-337fd01 elementor-widget elementor-widget-heading\" data-id=\"337fd01\" data-element_type=\"widget\" data-e-type=\"widget\" data-widget_type=\"heading.default\">\n\t\t\t\t<div class=\"elementor-widget-container\">\n\t\t\t\t\t<h2 class=\"elementor-heading-title elementor-size-default\">Email Marketing (Newsletters)<\/h2>\t\t\t\t<\/div>\n\t\t\t\t<\/div>\n\t\t\t\t<div class=\"elementor-element elementor-element-34b027c elementor-widget elementor-widget-text-editor\" data-id=\"34b027c\" data-element_type=\"widget\" data-e-type=\"widget\" data-widget_type=\"text-editor.default\">\n\t\t\t\t<div class=\"elementor-widget-container\">\n\t\t\t\t\t\t\t\t\t<p>With our platform, you can create, send, and track effective email campaigns. Measure results in real time and build customer loyalty with engaging, personalised content.<\/p>\t\t\t\t\t\t\t\t<\/div>\n\t\t\t\t<\/div>\n\t\t\t\t<\/div>\n\t\t<div class=\"elementor-element elementor-element-84efb9b e-con-full e-flex e-con e-child\" data-id=\"84efb9b\" data-element_type=\"container\" data-e-type=\"container\">\n\t\t\t\t<div class=\"elementor-element elementor-element-55af681 elementor-widget elementor-widget-heading\" data-id=\"55af681\" data-element_type=\"widget\" data-e-type=\"widget\" data-widget_type=\"heading.default\">\n\t\t\t\t<div class=\"elementor-widget-container\">\n\t\t\t\t\t<h2 class=\"elementor-heading-title elementor-size-default\">04<\/h2>\t\t\t\t<\/div>\n\t\t\t\t<\/div>\n\t\t\t\t<div class=\"elementor-element elementor-element-4fc7154 elementor-widget elementor-widget-heading\" data-id=\"4fc7154\" data-element_type=\"widget\" data-e-type=\"widget\" data-widget_type=\"heading.default\">\n\t\t\t\t<div class=\"elementor-widget-container\">\n\t\t\t\t\t<h2 class=\"elementor-heading-title elementor-size-default\">Web Consulting<\/h2>\t\t\t\t<\/div>\n\t\t\t\t<\/div>\n\t\t\t\t<div class=\"elementor-element elementor-element-42b99d1 elementor-widget elementor-widget-text-editor\" data-id=\"42b99d1\" data-element_type=\"widget\" data-e-type=\"widget\" data-widget_type=\"text-editor.default\">\n\t\t\t\t<div class=\"elementor-widget-container\">\n\t\t\t\t\t\t\t\t\t<p>We perform a full analysis of your digital presence,<br data-start=\"708\" data-end=\"711\" \/>Incluye:<\/p>\t\t\t\t\t\t\t\t<\/div>\n\t\t\t\t<\/div>\n\t\t\t\t<div class=\"elementor-element elementor-element-fcbb59e elementor-icon-list--layout-traditional elementor-list-item-link-full_width elementor-widget elementor-widget-icon-list\" data-id=\"fcbb59e\" data-element_type=\"widget\" data-e-type=\"widget\" data-widget_type=\"icon-list.default\">\n\t\t\t\t<div class=\"elementor-widget-container\">\n\t\t\t\t\t\t\t<ul class=\"elementor-icon-list-items\">\n\t\t\t\t\t\t\t<li class=\"elementor-icon-list-item\">\n\t\t\t\t\t\t\t\t\t\t\t<span class=\"elementor-icon-list-icon\">\n\t\t\t\t\t\t\t<svg aria-hidden=\"true\" class=\"e-font-icon-svg e-fas-check\" viewbox=\"0 0 512 512\" xmlns=\"http:\/\/www.w3.org\/2000\/svg\"><path d=\"M173.898 439.404l-166.4-166.4c-9.997-9.997-9.997-26.206 0-36.204l36.203-36.204c9.997-9.998 26.207-9.998 36.204 0L192 312.69 432.095 72.596c9.997-9.997 26.207-9.997 36.204 0l36.203 36.204c9.997 9.997 9.997 26.206 0 36.204l-294.4 294.401c-9.998 9.997-26.207 9.997-36.204-.001z\"><\/path><\/svg>\t\t\t\t\t\t<\/span>\n\t\t\t\t\t\t\t\t\t\t<span class=\"elementor-icon-list-text\">Technical and functional documentation<\/span>\n\t\t\t\t\t\t\t\t\t<\/li>\n\t\t\t\t\t\t\t\t<li class=\"elementor-icon-list-item\">\n\t\t\t\t\t\t\t\t\t\t\t<span class=\"elementor-icon-list-icon\">\n\t\t\t\t\t\t\t<svg aria-hidden=\"true\" class=\"e-font-icon-svg e-fas-check\" viewbox=\"0 0 512 512\" xmlns=\"http:\/\/www.w3.org\/2000\/svg\"><path d=\"M173.898 439.404l-166.4-166.4c-9.997-9.997-9.997-26.206 0-36.204l36.203-36.204c9.997-9.998 26.207-9.998 36.204 0L192 312.69 432.095 72.596c9.997-9.997 26.207-9.997 36.204 0l36.203 36.204c9.997 9.997 9.997 26.206 0 36.204l-294.4 294.401c-9.998 9.997-26.207 9.997-36.204-.001z\"><\/path><\/svg>\t\t\t\t\t\t<\/span>\n\t\t\t\t\t\t\t\t\t\t<span class=\"elementor-icon-list-text\">SEO requirements review<\/span>\n\t\t\t\t\t\t\t\t\t<\/li>\n\t\t\t\t\t\t\t\t<li class=\"elementor-icon-list-item\">\n\t\t\t\t\t\t\t\t\t\t\t<span class=\"elementor-icon-list-icon\">\n\t\t\t\t\t\t\t<svg aria-hidden=\"true\" class=\"e-font-icon-svg e-fas-check\" viewbox=\"0 0 512 512\" xmlns=\"http:\/\/www.w3.org\/2000\/svg\"><path d=\"M173.898 439.404l-166.4-166.4c-9.997-9.997-9.997-26.206 0-36.204l36.203-36.204c9.997-9.998 26.207-9.998 36.204 0L192 312.69 432.095 72.596c9.997-9.997 26.207-9.997 36.204 0l36.203 36.204c9.997 9.997 9.997 26.206 0 36.204l-294.4 294.401c-9.998 9.997-26.207 9.997-36.204-.001z\"><\/path><\/svg>\t\t\t\t\t\t<\/span>\n\t\t\t\t\t\t\t\t\t\t<span class=\"elementor-icon-list-text\">Competitor and industry analysis\nWe guide you step-by-step to improve your online strategy.<\/span>\n\t\t\t\t\t\t\t\t\t<\/li>\n\t\t\t\t\t\t<\/ul>\n\t\t\t\t\t\t<\/div>\n\t\t\t\t<\/div>\n\t\t\t\t<\/div>\n\t\t<div class=\"elementor-element elementor-element-0f8f7c7 e-con-full e-flex e-con e-child\" data-id=\"0f8f7c7\" data-element_type=\"container\" data-e-type=\"container\">\n\t\t\t\t<div class=\"elementor-element elementor-element-12d45f1 elementor-widget elementor-widget-heading\" data-id=\"12d45f1\" data-element_type=\"widget\" data-e-type=\"widget\" data-widget_type=\"heading.default\">\n\t\t\t\t<div class=\"elementor-widget-container\">\n\t\t\t\t\t<h2 class=\"elementor-heading-title elementor-size-default\">05<\/h2>\t\t\t\t<\/div>\n\t\t\t\t<\/div>\n\t\t\t\t<div class=\"elementor-element elementor-element-4c572f9 elementor-widget elementor-widget-heading\" data-id=\"4c572f9\" data-element_type=\"widget\" data-e-type=\"widget\" data-widget_type=\"heading.default\">\n\t\t\t\t<div class=\"elementor-widget-container\">\n\t\t\t\t\t<h2 class=\"elementor-heading-title elementor-size-default\"> Website Usability Study<\/h2>\t\t\t\t<\/div>\n\t\t\t\t<\/div>\n\t\t\t\t<div class=\"elementor-element elementor-element-8d24ff9 elementor-widget elementor-widget-text-editor\" data-id=\"8d24ff9\" data-element_type=\"widget\" data-e-type=\"widget\" data-widget_type=\"text-editor.default\">\n\t\t\t\t<div class=\"elementor-widget-container\">\n\t\t\t\t\t\t\t\t\t<p>We analyse user behaviour and identify weak points on your site. Improve the experience, increase conversions, and retain visitors with precise, effective changes.<\/p>\t\t\t\t\t\t\t\t<\/div>\n\t\t\t\t<\/div>\n\t\t\t\t<\/div>\n\t\t<div class=\"elementor-element elementor-element-0466edd e-con-full e-flex e-con e-child\" data-id=\"0466edd\" data-element_type=\"container\" data-e-type=\"container\">\n\t\t\t\t<div class=\"elementor-element elementor-element-fbca17a elementor-widget elementor-widget-heading\" data-id=\"fbca17a\" data-element_type=\"widget\" data-e-type=\"widget\" data-widget_type=\"heading.default\">\n\t\t\t\t<div class=\"elementor-widget-container\">\n\t\t\t\t\t<h2 class=\"elementor-heading-title elementor-size-default\">06<\/h2>\t\t\t\t<\/div>\n\t\t\t\t<\/div>\n\t\t\t\t<div class=\"elementor-element elementor-element-b81dd7b elementor-widget elementor-widget-heading\" data-id=\"b81dd7b\" data-element_type=\"widget\" data-e-type=\"widget\" data-widget_type=\"heading.default\">\n\t\t\t\t<div class=\"elementor-widget-container\">\n\t\t\t\t\t<h2 class=\"elementor-heading-title elementor-size-default\"> SEO \/ SEM<\/h2>\t\t\t\t<\/div>\n\t\t\t\t<\/div>\n\t\t\t\t<div class=\"elementor-element elementor-element-8c88ac6 elementor-widget elementor-widget-text-editor\" data-id=\"8c88ac6\" data-element_type=\"widget\" data-e-type=\"widget\" data-widget_type=\"text-editor.default\">\n\t\t\t\t<div class=\"elementor-widget-container\">\n\t\t\t\t\t\t\t\t\t<p>We boost your search engine rankings with organic SEO strategies and paid SEM campaigns. Increase visibility, attract quality traffic, and get measurable results through well-targeted actions.<\/p>\t\t\t\t\t\t\t\t<\/div>\n\t\t\t\t<\/div>\n\t\t\t\t<\/div>\n\t\t\t\t\t<\/div>\n\t\t\t\t<\/div>\n\t\t\t\t<\/div>","protected":false},"excerpt":{"rendered":"<p>Impuls\u00e1 tu PyME con herramientas digitales efectivas Dise\u00f1amos soluciones pensadas para peque\u00f1as y medianas empresas que buscan crecer en el mundo online. Mejor\u00e1 tu comunicaci\u00f3n, lleg\u00e1 a m\u00e1s clientes y optimiz\u00e1 tu sitio web para potenciar tus ventas y tu imagen. 01 Servicios Profesionales de Marketing y Optimizaci\u00f3n Web Impuls\u00e1 tu presencia digital con soluciones [&hellip;]<\/p>\n","protected":false},"author":1,"featured_media":705,"parent":0,"menu_order":0,"comment_status":"closed","ping_status":"closed","template":"","meta":{"footnotes":""},"class_list":["post-1198","page","type-page","status-publish","has-post-thumbnail","hentry"],"yoast_head":"<!-- This site is optimized with the Yoast SEO Premium plugin v26.4 (Yoast SEO v27.3) - https:\/\/yoast.com\/product\/yoast-seo-premium-wordpress\/ -->\n<title>Marketing Digital &#8212; GJGSYSTEM | Agencia de Marketing Integral en Buenos Aires y Barcelona<\/title>\n<meta name=\"robots\" content=\"index, follow, max-snippet:-1, max-image-preview:large, max-video-preview:-1\" \/>\n<link rel=\"canonical\" href=\"https:\/\/gjgsystem.com\/en\/marketing-digital\/\" \/>\n<meta property=\"og:locale\" content=\"en_GB\" \/>\n<meta property=\"og:type\" content=\"article\" \/>\n<meta property=\"og:title\" content=\"Marketing Digital\" \/>\n<meta property=\"og:description\" content=\"Impuls\u00e1 tu PyME con herramientas digitales efectivas Dise\u00f1amos soluciones pensadas para peque\u00f1as y medianas empresas que buscan crecer en el mundo online. Mejor\u00e1 tu comunicaci\u00f3n, lleg\u00e1 a m\u00e1s clientes y optimiz\u00e1 tu sitio web para potenciar tus ventas y tu imagen. 01 Servicios Profesionales de Marketing y Optimizaci\u00f3n Web Impuls\u00e1 tu presencia digital con soluciones [&hellip;]\" \/>\n<meta property=\"og:url\" content=\"https:\/\/gjgsystem.com\/en\/marketing-digital\/\" \/>\n<meta property=\"og:site_name\" content=\"GJGSYSTEM | Agencia de Marketing Integral en Buenos Aires y Barcelona\" \/>\n<meta property=\"article:publisher\" content=\"https:\/\/www.facebook.com\/gjgsystemDev\" \/>\n<meta property=\"article:modified_time\" content=\"2025-10-31T00:24:17+00:00\" \/>\n<meta property=\"og:image\" content=\"https:\/\/gjgsystem.com\/wp-content\/uploads\/2020\/08\/gjgsystem-marketing-digital.jpg\" \/>\n\t<meta property=\"og:image:width\" content=\"1000\" \/>\n\t<meta property=\"og:image:height\" content=\"500\" \/>\n\t<meta property=\"og:image:type\" content=\"image\/jpeg\" \/>\n<meta name=\"twitter:card\" content=\"summary_large_image\" \/>\n<meta name=\"twitter:label1\" content=\"Estimated reading time\" \/>\n\t<meta name=\"twitter:data1\" content=\"2 minutes\" \/>\n<script type=\"application\/ld+json\" class=\"yoast-schema-graph\">{\"@context\":\"https:\\\/\\\/schema.org\",\"@graph\":[{\"@type\":\"WebPage\",\"@id\":\"https:\\\/\\\/gjgsystem.com\\\/marketing-digital\\\/\",\"url\":\"https:\\\/\\\/gjgsystem.com\\\/marketing-digital\\\/\",\"name\":\"Marketing Digital &#8212; GJGSYSTEM | Agencia de Marketing Integral en Buenos Aires y Barcelona\",\"isPartOf\":{\"@id\":\"https:\\\/\\\/gjgsystem.com\\\/#website\"},\"primaryImageOfPage\":{\"@id\":\"https:\\\/\\\/gjgsystem.com\\\/marketing-digital\\\/#primaryimage\"},\"image\":{\"@id\":\"https:\\\/\\\/gjgsystem.com\\\/marketing-digital\\\/#primaryimage\"},\"thumbnailUrl\":\"https:\\\/\\\/gjgsystem.com\\\/wp-content\\\/uploads\\\/2020\\\/08\\\/gjgsystem-marketing-digital.jpg\",\"datePublished\":\"2025-05-06T15:37:07+00:00\",\"dateModified\":\"2025-10-31T00:24:17+00:00\",\"breadcrumb\":{\"@id\":\"https:\\\/\\\/gjgsystem.com\\\/marketing-digital\\\/#breadcrumb\"},\"inLanguage\":\"en-GB\",\"potentialAction\":[{\"@type\":\"ReadAction\",\"target\":[\"https:\\\/\\\/gjgsystem.com\\\/marketing-digital\\\/\"]}]},{\"@type\":\"ImageObject\",\"inLanguage\":\"en-GB\",\"@id\":\"https:\\\/\\\/gjgsystem.com\\\/marketing-digital\\\/#primaryimage\",\"url\":\"https:\\\/\\\/gjgsystem.com\\\/wp-content\\\/uploads\\\/2020\\\/08\\\/gjgsystem-marketing-digital.jpg\",\"contentUrl\":\"https:\\\/\\\/gjgsystem.com\\\/wp-content\\\/uploads\\\/2020\\\/08\\\/gjgsystem-marketing-digital.jpg\",\"width\":1000,\"height\":500,\"caption\":\"gjgsystem-marketing-digital\"},{\"@type\":\"BreadcrumbList\",\"@id\":\"https:\\\/\\\/gjgsystem.com\\\/marketing-digital\\\/#breadcrumb\",\"itemListElement\":[{\"@type\":\"ListItem\",\"position\":1,\"name\":\"Portada\",\"item\":\"https:\\\/\\\/gjgsystem.com\\\/\"},{\"@type\":\"ListItem\",\"position\":2,\"name\":\"Marketing Digital\"}]},{\"@type\":\"WebSite\",\"@id\":\"https:\\\/\\\/gjgsystem.com\\\/#website\",\"url\":\"https:\\\/\\\/gjgsystem.com\\\/\",\"name\":\"GJGSYSTEM | Agencia de Marketing Integral\",\"description\":\"Agencia de contenido, Marketing digital y dise\u00f1o web  Transformamos ideas en estrategias que convierten, \u00bfListo para destacar ? Cont\u00e1ctanos\",\"publisher\":{\"@id\":\"https:\\\/\\\/gjgsystem.com\\\/#organization\"},\"alternateName\":\"GJGSYSTEM | Agencia de Marketing Integral | Desarrollo en Wordpress\",\"potentialAction\":[{\"@type\":\"SearchAction\",\"target\":{\"@type\":\"EntryPoint\",\"urlTemplate\":\"https:\\\/\\\/gjgsystem.com\\\/?s={search_term_string}\"},\"query-input\":{\"@type\":\"PropertyValueSpecification\",\"valueRequired\":true,\"valueName\":\"search_term_string\"}}],\"inLanguage\":\"en-GB\"},{\"@type\":\"Organization\",\"@id\":\"https:\\\/\\\/gjgsystem.com\\\/#organization\",\"name\":\"GJGSYSTEM | Agencia de Marketing Integral\",\"alternateName\":\"GJGSYSTEM | Agencia de Marketing Integral\",\"url\":\"https:\\\/\\\/gjgsystem.com\\\/\",\"logo\":{\"@type\":\"ImageObject\",\"inLanguage\":\"en-GB\",\"@id\":\"https:\\\/\\\/gjgsystem.com\\\/#\\\/schema\\\/logo\\\/image\\\/\",\"url\":\"https:\\\/\\\/gjgsystem.com\\\/wp-content\\\/uploads\\\/2025\\\/05\\\/favicon.png\",\"contentUrl\":\"https:\\\/\\\/gjgsystem.com\\\/wp-content\\\/uploads\\\/2025\\\/05\\\/favicon.png\",\"width\":500,\"height\":500,\"caption\":\"GJGSYSTEM | Agencia de Marketing Integral\"},\"image\":{\"@id\":\"https:\\\/\\\/gjgsystem.com\\\/#\\\/schema\\\/logo\\\/image\\\/\"},\"sameAs\":[\"https:\\\/\\\/www.facebook.com\\\/gjgsystemDev\",\"https:\\\/\\\/www.youtube.com\\\/@gjgsystem\",\"https:\\\/\\\/www.instagram.com\\\/gjg_system\\\/\",\"https:\\\/\\\/linkedin.com\\\/company\\\/gjgsystem\"],\"publishingPrinciples\":\"https:\\\/\\\/gjgsystem.com\\\/\"}]}<\/script>\n<!-- \/ Yoast SEO Premium plugin. -->","yoast_head_json":{"title":"Marketing Digital &#8212; GJGSYSTEM | Agencia de Marketing Integral en Buenos Aires y Barcelona","robots":{"index":"index","follow":"follow","max-snippet":"max-snippet:-1","max-image-preview":"max-image-preview:large","max-video-preview":"max-video-preview:-1"},"canonical":"https:\/\/gjgsystem.com\/en\/marketing-digital\/","og_locale":"en_GB","og_type":"article","og_title":"Marketing Digital","og_description":"Impuls\u00e1 tu PyME con herramientas digitales efectivas Dise\u00f1amos soluciones pensadas para peque\u00f1as y medianas empresas que buscan crecer en el mundo online. Mejor\u00e1 tu comunicaci\u00f3n, lleg\u00e1 a m\u00e1s clientes y optimiz\u00e1 tu sitio web para potenciar tus ventas y tu imagen. 01 Servicios Profesionales de Marketing y Optimizaci\u00f3n Web Impuls\u00e1 tu presencia digital con soluciones [&hellip;]","og_url":"https:\/\/gjgsystem.com\/en\/marketing-digital\/","og_site_name":"GJGSYSTEM | Agencia de Marketing Integral en Buenos Aires y Barcelona","article_publisher":"https:\/\/www.facebook.com\/gjgsystemDev","article_modified_time":"2025-10-31T00:24:17+00:00","og_image":[{"width":1000,"height":500,"url":"https:\/\/gjgsystem.com\/wp-content\/uploads\/2020\/08\/gjgsystem-marketing-digital.jpg","type":"image\/jpeg"}],"twitter_card":"summary_large_image","twitter_misc":{"Estimated reading time":"2 minutes"},"schema":{"@context":"https:\/\/schema.org","@graph":[{"@type":"WebPage","@id":"https:\/\/gjgsystem.com\/marketing-digital\/","url":"https:\/\/gjgsystem.com\/marketing-digital\/","name":"Marketing Digital &#8212; GJGSYSTEM | Agencia de Marketing Integral en Buenos Aires y Barcelona","isPartOf":{"@id":"https:\/\/gjgsystem.com\/#website"},"primaryImageOfPage":{"@id":"https:\/\/gjgsystem.com\/marketing-digital\/#primaryimage"},"image":{"@id":"https:\/\/gjgsystem.com\/marketing-digital\/#primaryimage"},"thumbnailUrl":"https:\/\/gjgsystem.com\/wp-content\/uploads\/2020\/08\/gjgsystem-marketing-digital.jpg","datePublished":"2025-05-06T15:37:07+00:00","dateModified":"2025-10-31T00:24:17+00:00","breadcrumb":{"@id":"https:\/\/gjgsystem.com\/marketing-digital\/#breadcrumb"},"inLanguage":"en-GB","potentialAction":[{"@type":"ReadAction","target":["https:\/\/gjgsystem.com\/marketing-digital\/"]}]},{"@type":"ImageObject","inLanguage":"en-GB","@id":"https:\/\/gjgsystem.com\/marketing-digital\/#primaryimage","url":"https:\/\/gjgsystem.com\/wp-content\/uploads\/2020\/08\/gjgsystem-marketing-digital.jpg","contentUrl":"https:\/\/gjgsystem.com\/wp-content\/uploads\/2020\/08\/gjgsystem-marketing-digital.jpg","width":1000,"height":500,"caption":"gjgsystem-marketing-digital"},{"@type":"BreadcrumbList","@id":"https:\/\/gjgsystem.com\/marketing-digital\/#breadcrumb","itemListElement":[{"@type":"ListItem","position":1,"name":"Portada","item":"https:\/\/gjgsystem.com\/"},{"@type":"ListItem","position":2,"name":"Marketing Digital"}]},{"@type":"WebSite","@id":"https:\/\/gjgsystem.com\/#website","url":"https:\/\/gjgsystem.com\/","name":"GJGSYSTEM | Agencia de Marketing Integral","description":"Agencia de contenido, Marketing digital y dise\u00f1o web  Transformamos ideas en estrategias que convierten, \u00bfListo para destacar ? Cont\u00e1ctanos","publisher":{"@id":"https:\/\/gjgsystem.com\/#organization"},"alternateName":"GJGSYSTEM | Agencia de Marketing Integral | Desarrollo en Wordpress","potentialAction":[{"@type":"SearchAction","target":{"@type":"EntryPoint","urlTemplate":"https:\/\/gjgsystem.com\/?s={search_term_string}"},"query-input":{"@type":"PropertyValueSpecification","valueRequired":true,"valueName":"search_term_string"}}],"inLanguage":"en-GB"},{"@type":"Organization","@id":"https:\/\/gjgsystem.com\/#organization","name":"GJGSYSTEM | Agencia de Marketing Integral","alternateName":"GJGSYSTEM | Agencia de Marketing Integral","url":"https:\/\/gjgsystem.com\/","logo":{"@type":"ImageObject","inLanguage":"en-GB","@id":"https:\/\/gjgsystem.com\/#\/schema\/logo\/image\/","url":"https:\/\/gjgsystem.com\/wp-content\/uploads\/2025\/05\/favicon.png","contentUrl":"https:\/\/gjgsystem.com\/wp-content\/uploads\/2025\/05\/favicon.png","width":500,"height":500,"caption":"GJGSYSTEM | Agencia de Marketing Integral"},"image":{"@id":"https:\/\/gjgsystem.com\/#\/schema\/logo\/image\/"},"sameAs":["https:\/\/www.facebook.com\/gjgsystemDev","https:\/\/www.youtube.com\/@gjgsystem","https:\/\/www.instagram.com\/gjg_system\/","https:\/\/linkedin.com\/company\/gjgsystem"],"publishingPrinciples":"https:\/\/gjgsystem.com\/"}]}},"_links":{"self":[{"href":"https:\/\/gjgsystem.com\/en\/wp-json\/wp\/v2\/pages\/1198","targetHints":{"allow":["GET"]}}],"collection":[{"href":"https:\/\/gjgsystem.com\/en\/wp-json\/wp\/v2\/pages"}],"about":[{"href":"https:\/\/gjgsystem.com\/en\/wp-json\/wp\/v2\/types\/page"}],"author":[{"embeddable":true,"href":"https:\/\/gjgsystem.com\/en\/wp-json\/wp\/v2\/users\/1"}],"replies":[{"embeddable":true,"href":"https:\/\/gjgsystem.com\/en\/wp-json\/wp\/v2\/comments?post=1198"}],"version-history":[{"count":0,"href":"https:\/\/gjgsystem.com\/en\/wp-json\/wp\/v2\/pages\/1198\/revisions"}],"wp:featuredmedia":[{"embeddable":true,"href":"https:\/\/gjgsystem.com\/en\/wp-json\/wp\/v2\/media\/705"}],"wp:attachment":[{"href":"https:\/\/gjgsystem.com\/en\/wp-json\/wp\/v2\/media?parent=1198"}],"curies":[{"name":"wp","href":"https:\/\/api.w.org\/{rel}","templated":true}]}}