{"id":1202,"date":"2025-05-06T12:37:58","date_gmt":"2025-05-06T15:37:58","guid":{"rendered":"https:\/\/gjgsystem.com\/?page_id=1202"},"modified":"2026-03-19T19:33:13","modified_gmt":"2026-03-19T22:33:13","slug":"contacto","status":"publish","type":"page","link":"https:\/\/gjgsystem.com\/en\/contacto\/","title":{"rendered":"Contact"},"content":{"rendered":"\t\t<div data-elementor-type=\"wp-page\" data-elementor-id=\"1202\" class=\"elementor elementor-1202\" data-elementor-post-type=\"page\">\n\t\t\t\t<div class=\"elementor-element elementor-element-5556bed e-con-full e-flex e-con e-parent\" data-id=\"5556bed\" data-element_type=\"container\" data-e-type=\"container\">\n\t\t\t\t<div class=\"elementor-element elementor-element-084b033 elementor-widget__width-inherit elementor-widget elementor-widget-heading\" data-id=\"084b033\" data-element_type=\"widget\" data-e-type=\"widget\" data-widget_type=\"heading.default\">\n\t\t\t\t<div class=\"elementor-widget-container\">\n\t\t\t\t\t<h2 class=\"elementor-heading-title elementor-size-default\">Formulario de contacto<\/h2>\t\t\t\t<\/div>\n\t\t\t\t<\/div>\n\t\t\t\t<div class=\"elementor-element elementor-element-31b5e09 elementor-widget elementor-widget-text-editor\" data-id=\"31b5e09\" data-element_type=\"widget\" data-e-type=\"widget\" data-widget_type=\"text-editor.default\">\n\t\t\t\t<div class=\"elementor-widget-container\">\n\t\t\t\t\t\t\t\t\t<p>Si preferis, podes completar nuestro formulario de contacto para hacernos llegar tu consulta. Responderemos lo antes posible para ayudarle con lo que necesites.<\/p>\t\t\t\t\t\t\t\t<\/div>\n\t\t\t\t<\/div>\n\t\t\t\t<\/div>\n\t\t<div class=\"elementor-element elementor-element-342b191 e-con-full e-flex e-con e-parent\" data-id=\"342b191\" data-element_type=\"container\" data-e-type=\"container\">\n\t\t<div class=\"elementor-element elementor-element-8f729f8 e-con-full e-flex e-con e-child\" data-id=\"8f729f8\" data-element_type=\"container\" data-e-type=\"container\">\n\t\t\t\t<div class=\"elementor-element elementor-element-f1eedc9 elementor-button-align-stretch elementor-widget elementor-widget-form\" data-id=\"f1eedc9\" data-element_type=\"widget\" data-e-type=\"widget\" data-settings=\"{&quot;step_next_label&quot;:&quot;Next&quot;,&quot;step_previous_label&quot;:&quot;Previous&quot;,&quot;button_width&quot;:&quot;100&quot;,&quot;step_type&quot;:&quot;number_text&quot;,&quot;step_icon_shape&quot;:&quot;circle&quot;}\" data-widget_type=\"form.default\">\n\t\t\t\t<div class=\"elementor-widget-container\">\n\t\t\t\t\t\t\t<form class=\"elementor-form\" method=\"post\" name=\"Contacto\" aria-label=\"Contacto\">\n\t\t\t<input type=\"hidden\" name=\"post_id\" value=\"1202\"\/>\n\t\t\t<input type=\"hidden\" name=\"form_id\" value=\"f1eedc9\"\/>\n\t\t\t<input type=\"hidden\" name=\"referer_title\" value=\"GJGSYSTEM | Agencia de Marketing Integral en Buenos Aires y Barcelona\" \/>\n\n\t\t\t\n\t\t\t<div class=\"elementor-form-fields-wrapper elementor-labels-above\">\n\t\t\t\t\t\t\t\t<div class=\"elementor-field-type-text elementor-field-group elementor-column elementor-field-group-name elementor-col-100 elementor-field-required\">\n\t\t\t\t\t\t\t\t\t\t\t\t<label for=\"form-field-name\" class=\"elementor-field-label\">\n\t\t\t\t\t\t\t\tNombre\t\t\t\t\t\t\t<\/label>\n\t\t\t\t\t\t\t\t\t\t\t\t\t\t<input size=\"1\" type=\"text\" name=\"form_fields[name]\" id=\"form-field-name\" class=\"elementor-field elementor-size-sm  elementor-field-textual\" required=\"required\">\n\t\t\t\t\t\t\t\t\t\t\t<\/div>\n\t\t\t\t\t\t\t\t<div class=\"elementor-field-type-email elementor-field-group elementor-column elementor-field-group-email elementor-col-100 elementor-field-required\">\n\t\t\t\t\t\t\t\t\t\t\t\t<label for=\"form-field-email\" class=\"elementor-field-label\">\n\t\t\t\t\t\t\t\tEmail\t\t\t\t\t\t\t<\/label>\n\t\t\t\t\t\t\t\t\t\t\t\t\t\t<input size=\"1\" type=\"email\" name=\"form_fields[email]\" id=\"form-field-email\" class=\"elementor-field elementor-size-sm  elementor-field-textual\" required=\"required\">\n\t\t\t\t\t\t\t\t\t\t\t<\/div>\n\t\t\t\t\t\t\t\t<div class=\"elementor-field-type-textarea elementor-field-group elementor-column elementor-field-group-message elementor-col-100 elementor-field-required\">\n\t\t\t\t\t\t\t\t\t\t\t\t<label for=\"form-field-message\" class=\"elementor-field-label\">\n\t\t\t\t\t\t\t\tMensaje\t\t\t\t\t\t\t<\/label>\n\t\t\t\t\t\t<textarea class=\"elementor-field-textual elementor-field  elementor-size-sm\" name=\"form_fields[message]\" id=\"form-field-message\" rows=\"4\" required=\"required\"><\/textarea>\t\t\t\t<\/div>\n\t\t\t\t\t\t\t\t<div class=\"elementor-field-type-cf_turnstile elementor-field-group elementor-column elementor-field-group-field_12e6db2 elementor-col-100\">\n\t\t\t\t\t<div class=\"elementor-field\" id=\"form-field-field_12e6db2\"><div class=\"elementor-cf-turnstile\" data-sitekey=\"0x4AAAAAAB3hfdBNHP9927Dk\" data-type=\"managed\" data-theme=\"light\" data-size=\"flexible\" style=\"min-height:65px\"><\/div><style>.elementor-cf-turnstile > div {display:flex;}<\/style><\/div>\t\t\t\t<\/div>\n\t\t\t\t\t\t\t\t<div class=\"elementor-field-type-acceptance elementor-field-group elementor-column elementor-field-group-field_d4e756c elementor-col-100 elementor-field-required\">\n\t\t\t\t\t\t\t\t\t\t\t\t<label for=\"form-field-field_d4e756c\" class=\"elementor-field-label\">\n\t\t\t\t\t\t\t\t<a href=\"#\">Politica Privacidad<\/a>\t\t\t\t\t\t\t<\/label>\n\t\t\t\t\t\t\t\t<div class=\"elementor-field-subgroup\">\n\t\t\t<span class=\"elementor-field-option\">\n\t\t\t\t<input type=\"checkbox\" name=\"form_fields[field_d4e756c]\" id=\"form-field-field_d4e756c\" class=\"elementor-field elementor-size-sm  elementor-acceptance-field\" required=\"required\">\n\t\t\t\t<label for=\"form-field-field_d4e756c\">He le\u00eddo y estoy de acuerdo con la Pol\u00edtica de privacidad.<\/label>\t\t\t<\/span>\n\t\t<\/div>\n\t\t\t\t\t\t<\/div>\n\t\t\t\t\t\t\t\t<div class=\"elementor-field-group elementor-column elementor-field-type-submit elementor-col-100 e-form__buttons\">\n\t\t\t\t\t<button class=\"elementor-button elementor-size-sm\" type=\"submit\">\n\t\t\t\t\t\t<span class=\"elementor-button-content-wrapper\">\n\t\t\t\t\t\t\t\t\t\t\t\t\t\t\t\t\t\t\t\t\t\t<span class=\"elementor-button-text\">Enviar<\/span>\n\t\t\t\t\t\t\t\t\t\t\t\t\t<\/span>\n\t\t\t\t\t<\/button>\n\t\t\t\t<\/div>\n\t\t\t<\/div>\n\t\t<\/form>\n\t\t\t\t\t\t<\/div>\n\t\t\t\t<\/div>\n\t\t\t\t<\/div>\n\t\t<div class=\"elementor-element elementor-element-7e818a0 e-con-full e-flex e-con e-child\" data-id=\"7e818a0\" data-element_type=\"container\" data-e-type=\"container\">\n\t\t\t\t<div class=\"elementor-element elementor-element-4670106 elementor-icon-list--layout-traditional elementor-list-item-link-full_width elementor-widget elementor-widget-icon-list\" data-id=\"4670106\" data-element_type=\"widget\" data-e-type=\"widget\" data-widget_type=\"icon-list.default\">\n\t\t\t\t<div class=\"elementor-widget-container\">\n\t\t\t\t\t\t\t<ul class=\"elementor-icon-list-items\">\n\t\t\t\t\t\t\t<li class=\"elementor-icon-list-item\">\n\t\t\t\t\t\t\t\t\t\t\t<span class=\"elementor-icon-list-icon\">\n\t\t\t\t\t\t\t<svg aria-hidden=\"true\" class=\"e-font-icon-svg e-fas-map-marked-alt\" viewBox=\"0 0 576 512\" xmlns=\"http:\/\/www.w3.org\/2000\/svg\"><path d=\"M288 0c-69.59 0-126 56.41-126 126 0 56.26 82.35 158.8 113.9 196.02 6.39 7.54 17.82 7.54 24.2 0C331.65 284.8 414 182.26 414 126 414 56.41 357.59 0 288 0zm0 168c-23.2 0-42-18.8-42-42s18.8-42 42-42 42 18.8 42 42-18.8 42-42 42zM20.12 215.95A32.006 32.006 0 0 0 0 245.66v250.32c0 11.32 11.43 19.06 21.94 14.86L160 448V214.92c-8.84-15.98-16.07-31.54-21.25-46.42L20.12 215.95zM288 359.67c-14.07 0-27.38-6.18-36.51-16.96-19.66-23.2-40.57-49.62-59.49-76.72v182l192 64V266c-18.92 27.09-39.82 53.52-59.49 76.72-9.13 10.77-22.44 16.95-36.51 16.95zm266.06-198.51L416 224v288l139.88-55.95A31.996 31.996 0 0 0 576 426.34V176.02c0-11.32-11.43-19.06-21.94-14.86z\"><\/path><\/svg>\t\t\t\t\t\t<\/span>\n\t\t\t\t\t\t\t\t\t\t<span class=\"elementor-icon-list-text\">Culpina 63, Ciudad Autonoma de BSAS<\/span>\n\t\t\t\t\t\t\t\t\t<\/li>\n\t\t\t\t\t\t\t\t<li class=\"elementor-icon-list-item\">\n\t\t\t\t\t\t\t\t\t\t\t<span class=\"elementor-icon-list-icon\">\n\t\t\t\t\t\t\t<svg aria-hidden=\"true\" class=\"e-font-icon-svg e-fas-envelope\" viewBox=\"0 0 512 512\" xmlns=\"http:\/\/www.w3.org\/2000\/svg\"><path d=\"M502.3 190.8c3.9-3.1 9.7-.2 9.7 4.7V400c0 26.5-21.5 48-48 48H48c-26.5 0-48-21.5-48-48V195.6c0-5 5.7-7.8 9.7-4.7 22.4 17.4 52.1 39.5 154.1 113.6 21.1 15.4 56.7 47.8 92.2 47.6 35.7.3 72-32.8 92.3-47.6 102-74.1 131.6-96.3 154-113.7zM256 320c23.2.4 56.6-29.2 73.4-41.4 132.7-96.3 142.8-104.7 173.4-128.7 5.8-4.5 9.2-11.5 9.2-18.9v-19c0-26.5-21.5-48-48-48H48C21.5 64 0 85.5 0 112v19c0 7.4 3.4 14.3 9.2 18.9 30.6 23.9 40.7 32.4 173.4 128.7 16.8 12.2 50.2 41.8 73.4 41.4z\"><\/path><\/svg>\t\t\t\t\t\t<\/span>\n\t\t\t\t\t\t\t\t\t\t<span class=\"elementor-icon-list-text\">info@gjgsystem.com<\/span>\n\t\t\t\t\t\t\t\t\t<\/li>\n\t\t\t\t\t\t\t\t<li class=\"elementor-icon-list-item\">\n\t\t\t\t\t\t\t\t\t\t\t<span class=\"elementor-icon-list-icon\">\n\t\t\t\t\t\t\t<svg aria-hidden=\"true\" class=\"e-font-icon-svg e-fas-mobile-alt\" viewBox=\"0 0 320 512\" xmlns=\"http:\/\/www.w3.org\/2000\/svg\"><path d=\"M272 0H48C21.5 0 0 21.5 0 48v416c0 26.5 21.5 48 48 48h224c26.5 0 48-21.5 48-48V48c0-26.5-21.5-48-48-48zM160 480c-17.7 0-32-14.3-32-32s14.3-32 32-32 32 14.3 32 32-14.3 32-32 32zm112-108c0 6.6-5.4 12-12 12H60c-6.6 0-12-5.4-12-12V60c0-6.6 5.4-12 12-12h200c6.6 0 12 5.4 12 12v312z\"><\/path><\/svg>\t\t\t\t\t\t<\/span>\n\t\t\t\t\t\t\t\t\t\t<span class=\"elementor-icon-list-text\">+54 11 32 19 9475<\/span>\n\t\t\t\t\t\t\t\t\t<\/li>\n\t\t\t\t\t\t\t\t<li class=\"elementor-icon-list-item\">\n\t\t\t\t\t\t\t\t\t\t\t<span class=\"elementor-icon-list-icon\">\n\t\t\t\t\t\t\t<svg aria-hidden=\"true\" class=\"e-font-icon-svg e-fas-phone-volume\" viewBox=\"0 0 384 512\" xmlns=\"http:\/\/www.w3.org\/2000\/svg\"><path d=\"M97.333 506.966c-129.874-129.874-129.681-340.252 0-469.933 5.698-5.698 14.527-6.632 21.263-2.422l64.817 40.513a17.187 17.187 0 0 1 6.849 20.958l-32.408 81.021a17.188 17.188 0 0 1-17.669 10.719l-55.81-5.58c-21.051 58.261-20.612 122.471 0 179.515l55.811-5.581a17.188 17.188 0 0 1 17.669 10.719l32.408 81.022a17.188 17.188 0 0 1-6.849 20.958l-64.817 40.513a17.19 17.19 0 0 1-21.264-2.422zM247.126 95.473c11.832 20.047 11.832 45.008 0 65.055-3.95 6.693-13.108 7.959-18.718 2.581l-5.975-5.726c-3.911-3.748-4.793-9.622-2.261-14.41a32.063 32.063 0 0 0 0-29.945c-2.533-4.788-1.65-10.662 2.261-14.41l5.975-5.726c5.61-5.378 14.768-4.112 18.718 2.581zm91.787-91.187c60.14 71.604 60.092 175.882 0 247.428-4.474 5.327-12.53 5.746-17.552.933l-5.798-5.557c-4.56-4.371-4.977-11.529-.93-16.379 49.687-59.538 49.646-145.933 0-205.422-4.047-4.85-3.631-12.008.93-16.379l5.798-5.557c5.022-4.813 13.078-4.394 17.552.933zm-45.972 44.941c36.05 46.322 36.108 111.149 0 157.546-4.39 5.641-12.697 6.251-17.856 1.304l-5.818-5.579c-4.4-4.219-4.998-11.095-1.285-15.931 26.536-34.564 26.534-82.572 0-117.134-3.713-4.836-3.115-11.711 1.285-15.931l5.818-5.579c5.159-4.947 13.466-4.337 17.856 1.304z\"><\/path><\/svg>\t\t\t\t\t\t<\/span>\n\t\t\t\t\t\t\t\t\t\t<span class=\"elementor-icon-list-text\">+54 11 45 48 1418<\/span>\n\t\t\t\t\t\t\t\t\t<\/li>\n\t\t\t\t\t\t<\/ul>\n\t\t\t\t\t\t<\/div>\n\t\t\t\t<\/div>\n\t\t\t\t<\/div>\n\t\t\t\t<\/div>\n\t\t<div class=\"elementor-element elementor-element-90e0937 e-con-full e-flex e-con e-parent\" data-id=\"90e0937\" data-element_type=\"container\" data-e-type=\"container\">\n\t\t\t\t<div class=\"elementor-element elementor-element-570af4f elementor-widget elementor-widget-google_maps\" data-id=\"570af4f\" data-element_type=\"widget\" data-e-type=\"widget\" data-widget_type=\"google_maps.default\">\n\t\t\t\t<div class=\"elementor-widget-container\">\n\t\t\t\t\t\t\t<div class=\"elementor-custom-embed\">\n\t\t\t<iframe loading=\"lazy\"\n\t\t\t\t\tsrc=\"https:\/\/maps.google.com\/maps?q=Culpina%2063&#038;t=m&#038;z=17&#038;output=embed&#038;iwloc=near\"\n\t\t\t\t\ttitle=\"Culpina 63\"\n\t\t\t\t\taria-label=\"Culpina 63\"\n\t\t\t><\/iframe>\n\t\t<\/div>\n\t\t\t\t\t\t<\/div>\n\t\t\t\t<\/div>\n\t\t\t\t<\/div>\n\t\t\t\t<\/div>\n\t\t","protected":false},"excerpt":{"rendered":"<p>Formulario de contacto Si preferis, podes completar nuestro formulario de contacto para hacernos llegar tu consulta. Responderemos lo antes posible para ayudarle con lo que necesites. Culpina 63, Ciudad Autonoma de BSAS info@gjgsystem.com +54 11 32 19 9475 +54 11 45 48 1418<\/p>","protected":false},"author":1,"featured_media":45,"parent":0,"menu_order":0,"comment_status":"closed","ping_status":"closed","template":"","meta":{"footnotes":""},"class_list":["post-1202","page","type-page","status-publish","has-post-thumbnail","hentry"],"yoast_head":"<!-- This site is optimized with the Yoast SEO Premium plugin v26.4 (Yoast SEO v27.3) - https:\/\/yoast.com\/product\/yoast-seo-premium-wordpress\/ -->\n<title>Contacto &#8212; GJGSYSTEM | Agencia de Marketing Integral en Buenos Aires y Barcelona<\/title>\n<meta name=\"description\" content=\"\u00bfTen\u00e9s alguna consulta o quer\u00e9s que te asesoremos? Complet\u00e1 este formulario y te responderemos a la brevedad. Estamos para ayudarte.\" \/>\n<meta name=\"robots\" content=\"index, follow, max-snippet:-1, max-image-preview:large, max-video-preview:-1\" \/>\n<link rel=\"canonical\" href=\"https:\/\/gjgsystem.com\/en\/contacto\/\" \/>\n<meta property=\"og:locale\" content=\"en_GB\" \/>\n<meta property=\"og:type\" content=\"article\" \/>\n<meta property=\"og:title\" content=\"Contacto\" \/>\n<meta property=\"og:description\" content=\"\u00bfTen\u00e9s alguna consulta o quer\u00e9s que te asesoremos? Complet\u00e1 este formulario y te responderemos a la brevedad. Estamos para ayudarte.\" \/>\n<meta property=\"og:url\" content=\"https:\/\/gjgsystem.com\/en\/contacto\/\" \/>\n<meta property=\"og:site_name\" content=\"GJGSYSTEM | Agencia de Marketing Integral en Buenos Aires y Barcelona\" \/>\n<meta property=\"article:publisher\" content=\"https:\/\/www.facebook.com\/gjgsystemDev\" \/>\n<meta property=\"article:modified_time\" content=\"2026-03-19T22:33:13+00:00\" \/>\n<meta property=\"og:image\" content=\"https:\/\/gjgsystem.com\/wp-content\/uploads\/2017\/10\/contactarnos-gjgsystem-argentina.jpg\" \/>\n\t<meta property=\"og:image:width\" content=\"1440\" \/>\n\t<meta property=\"og:image:height\" content=\"646\" \/>\n\t<meta property=\"og:image:type\" content=\"image\/jpeg\" \/>\n<meta name=\"twitter:card\" content=\"summary_large_image\" \/>\n<meta name=\"twitter:label1\" content=\"Estimated reading time\" \/>\n\t<meta name=\"twitter:data1\" content=\"1 minute\" \/>\n<script type=\"application\/ld+json\" class=\"yoast-schema-graph\">{\"@context\":\"https:\\\/\\\/schema.org\",\"@graph\":[{\"@type\":\"WebPage\",\"@id\":\"https:\\\/\\\/gjgsystem.com\\\/contacto\\\/\",\"url\":\"https:\\\/\\\/gjgsystem.com\\\/contacto\\\/\",\"name\":\"Contacto &#8212; GJGSYSTEM | Agencia de Marketing Integral en Buenos Aires y Barcelona\",\"isPartOf\":{\"@id\":\"https:\\\/\\\/gjgsystem.com\\\/#website\"},\"primaryImageOfPage\":{\"@id\":\"https:\\\/\\\/gjgsystem.com\\\/contacto\\\/#primaryimage\"},\"image\":{\"@id\":\"https:\\\/\\\/gjgsystem.com\\\/contacto\\\/#primaryimage\"},\"thumbnailUrl\":\"https:\\\/\\\/gjgsystem.com\\\/wp-content\\\/uploads\\\/2017\\\/10\\\/contactarnos-gjgsystem-argentina.jpg\",\"datePublished\":\"2025-05-06T15:37:58+00:00\",\"dateModified\":\"2026-03-19T22:33:13+00:00\",\"description\":\"\u00bfTen\u00e9s alguna consulta o quer\u00e9s que te asesoremos? Complet\u00e1 este formulario y te responderemos a la brevedad. Estamos para ayudarte.\",\"breadcrumb\":{\"@id\":\"https:\\\/\\\/gjgsystem.com\\\/contacto\\\/#breadcrumb\"},\"inLanguage\":\"en-GB\",\"potentialAction\":[{\"@type\":\"ReadAction\",\"target\":[\"https:\\\/\\\/gjgsystem.com\\\/contacto\\\/\"]}]},{\"@type\":\"ImageObject\",\"inLanguage\":\"en-GB\",\"@id\":\"https:\\\/\\\/gjgsystem.com\\\/contacto\\\/#primaryimage\",\"url\":\"https:\\\/\\\/gjgsystem.com\\\/wp-content\\\/uploads\\\/2017\\\/10\\\/contactarnos-gjgsystem-argentina.jpg\",\"contentUrl\":\"https:\\\/\\\/gjgsystem.com\\\/wp-content\\\/uploads\\\/2017\\\/10\\\/contactarnos-gjgsystem-argentina.jpg\",\"width\":1440,\"height\":646,\"caption\":\"contactarnos con nosotros\"},{\"@type\":\"BreadcrumbList\",\"@id\":\"https:\\\/\\\/gjgsystem.com\\\/contacto\\\/#breadcrumb\",\"itemListElement\":[{\"@type\":\"ListItem\",\"position\":1,\"name\":\"Portada\",\"item\":\"https:\\\/\\\/gjgsystem.com\\\/\"},{\"@type\":\"ListItem\",\"position\":2,\"name\":\"Contacto\"}]},{\"@type\":\"WebSite\",\"@id\":\"https:\\\/\\\/gjgsystem.com\\\/#website\",\"url\":\"https:\\\/\\\/gjgsystem.com\\\/\",\"name\":\"GJGSYSTEM | Agencia de Marketing Integral\",\"description\":\"Agencia de contenido, Marketing digital y dise\u00f1o web  Transformamos ideas en estrategias que convierten, \u00bfListo para destacar ? Cont\u00e1ctanos\",\"publisher\":{\"@id\":\"https:\\\/\\\/gjgsystem.com\\\/#organization\"},\"alternateName\":\"GJGSYSTEM | Agencia de Marketing Integral | Desarrollo en Wordpress\",\"potentialAction\":[{\"@type\":\"SearchAction\",\"target\":{\"@type\":\"EntryPoint\",\"urlTemplate\":\"https:\\\/\\\/gjgsystem.com\\\/?s={search_term_string}\"},\"query-input\":{\"@type\":\"PropertyValueSpecification\",\"valueRequired\":true,\"valueName\":\"search_term_string\"}}],\"inLanguage\":\"en-GB\"},{\"@type\":\"Organization\",\"@id\":\"https:\\\/\\\/gjgsystem.com\\\/#organization\",\"name\":\"GJGSYSTEM | Agencia de Marketing Integral\",\"alternateName\":\"GJGSYSTEM | Agencia de Marketing Integral\",\"url\":\"https:\\\/\\\/gjgsystem.com\\\/\",\"logo\":{\"@type\":\"ImageObject\",\"inLanguage\":\"en-GB\",\"@id\":\"https:\\\/\\\/gjgsystem.com\\\/#\\\/schema\\\/logo\\\/image\\\/\",\"url\":\"https:\\\/\\\/gjgsystem.com\\\/wp-content\\\/uploads\\\/2025\\\/05\\\/favicon.png\",\"contentUrl\":\"https:\\\/\\\/gjgsystem.com\\\/wp-content\\\/uploads\\\/2025\\\/05\\\/favicon.png\",\"width\":500,\"height\":500,\"caption\":\"GJGSYSTEM | Agencia de Marketing Integral\"},\"image\":{\"@id\":\"https:\\\/\\\/gjgsystem.com\\\/#\\\/schema\\\/logo\\\/image\\\/\"},\"sameAs\":[\"https:\\\/\\\/www.facebook.com\\\/gjgsystemDev\",\"https:\\\/\\\/www.youtube.com\\\/@gjgsystem\",\"https:\\\/\\\/www.instagram.com\\\/gjg_system\\\/\",\"https:\\\/\\\/linkedin.com\\\/company\\\/gjgsystem\"],\"publishingPrinciples\":\"https:\\\/\\\/gjgsystem.com\\\/\"}]}<\/script>\n<!-- \/ Yoast SEO Premium plugin. -->","yoast_head_json":{"title":"Contacto &#8212; GJGSYSTEM | Agencia de Marketing Integral en Buenos Aires y Barcelona","description":"\u00bfTen\u00e9s alguna consulta o quer\u00e9s que te asesoremos? Complet\u00e1 este formulario y te responderemos a la brevedad. Estamos para ayudarte.","robots":{"index":"index","follow":"follow","max-snippet":"max-snippet:-1","max-image-preview":"max-image-preview:large","max-video-preview":"max-video-preview:-1"},"canonical":"https:\/\/gjgsystem.com\/en\/contacto\/","og_locale":"en_GB","og_type":"article","og_title":"Contacto","og_description":"\u00bfTen\u00e9s alguna consulta o quer\u00e9s que te asesoremos? Complet\u00e1 este formulario y te responderemos a la brevedad. Estamos para ayudarte.","og_url":"https:\/\/gjgsystem.com\/en\/contacto\/","og_site_name":"GJGSYSTEM | Agencia de Marketing Integral en Buenos Aires y Barcelona","article_publisher":"https:\/\/www.facebook.com\/gjgsystemDev","article_modified_time":"2026-03-19T22:33:13+00:00","og_image":[{"width":1440,"height":646,"url":"https:\/\/gjgsystem.com\/wp-content\/uploads\/2017\/10\/contactarnos-gjgsystem-argentina.jpg","type":"image\/jpeg"}],"twitter_card":"summary_large_image","twitter_misc":{"Estimated reading time":"1 minute"},"schema":{"@context":"https:\/\/schema.org","@graph":[{"@type":"WebPage","@id":"https:\/\/gjgsystem.com\/contacto\/","url":"https:\/\/gjgsystem.com\/contacto\/","name":"Contacto &#8212; GJGSYSTEM | Agencia de Marketing Integral en Buenos Aires y Barcelona","isPartOf":{"@id":"https:\/\/gjgsystem.com\/#website"},"primaryImageOfPage":{"@id":"https:\/\/gjgsystem.com\/contacto\/#primaryimage"},"image":{"@id":"https:\/\/gjgsystem.com\/contacto\/#primaryimage"},"thumbnailUrl":"https:\/\/gjgsystem.com\/wp-content\/uploads\/2017\/10\/contactarnos-gjgsystem-argentina.jpg","datePublished":"2025-05-06T15:37:58+00:00","dateModified":"2026-03-19T22:33:13+00:00","description":"\u00bfTen\u00e9s alguna consulta o quer\u00e9s que te asesoremos? Complet\u00e1 este formulario y te responderemos a la brevedad. Estamos para ayudarte.","breadcrumb":{"@id":"https:\/\/gjgsystem.com\/contacto\/#breadcrumb"},"inLanguage":"en-GB","potentialAction":[{"@type":"ReadAction","target":["https:\/\/gjgsystem.com\/contacto\/"]}]},{"@type":"ImageObject","inLanguage":"en-GB","@id":"https:\/\/gjgsystem.com\/contacto\/#primaryimage","url":"https:\/\/gjgsystem.com\/wp-content\/uploads\/2017\/10\/contactarnos-gjgsystem-argentina.jpg","contentUrl":"https:\/\/gjgsystem.com\/wp-content\/uploads\/2017\/10\/contactarnos-gjgsystem-argentina.jpg","width":1440,"height":646,"caption":"contactarnos con nosotros"},{"@type":"BreadcrumbList","@id":"https:\/\/gjgsystem.com\/contacto\/#breadcrumb","itemListElement":[{"@type":"ListItem","position":1,"name":"Portada","item":"https:\/\/gjgsystem.com\/"},{"@type":"ListItem","position":2,"name":"Contacto"}]},{"@type":"WebSite","@id":"https:\/\/gjgsystem.com\/#website","url":"https:\/\/gjgsystem.com\/","name":"GJGSYSTEM | Agencia de Marketing Integral","description":"Agencia de contenido, Marketing digital y dise\u00f1o web  Transformamos ideas en estrategias que convierten, \u00bfListo para destacar ? Cont\u00e1ctanos","publisher":{"@id":"https:\/\/gjgsystem.com\/#organization"},"alternateName":"GJGSYSTEM | Agencia de Marketing Integral | Desarrollo en Wordpress","potentialAction":[{"@type":"SearchAction","target":{"@type":"EntryPoint","urlTemplate":"https:\/\/gjgsystem.com\/?s={search_term_string}"},"query-input":{"@type":"PropertyValueSpecification","valueRequired":true,"valueName":"search_term_string"}}],"inLanguage":"en-GB"},{"@type":"Organization","@id":"https:\/\/gjgsystem.com\/#organization","name":"GJGSYSTEM | Agencia de Marketing Integral","alternateName":"GJGSYSTEM | Agencia de Marketing Integral","url":"https:\/\/gjgsystem.com\/","logo":{"@type":"ImageObject","inLanguage":"en-GB","@id":"https:\/\/gjgsystem.com\/#\/schema\/logo\/image\/","url":"https:\/\/gjgsystem.com\/wp-content\/uploads\/2025\/05\/favicon.png","contentUrl":"https:\/\/gjgsystem.com\/wp-content\/uploads\/2025\/05\/favicon.png","width":500,"height":500,"caption":"GJGSYSTEM | Agencia de Marketing Integral"},"image":{"@id":"https:\/\/gjgsystem.com\/#\/schema\/logo\/image\/"},"sameAs":["https:\/\/www.facebook.com\/gjgsystemDev","https:\/\/www.youtube.com\/@gjgsystem","https:\/\/www.instagram.com\/gjg_system\/","https:\/\/linkedin.com\/company\/gjgsystem"],"publishingPrinciples":"https:\/\/gjgsystem.com\/"}]}},"_links":{"self":[{"href":"https:\/\/gjgsystem.com\/en\/wp-json\/wp\/v2\/pages\/1202","targetHints":{"allow":["GET"]}}],"collection":[{"href":"https:\/\/gjgsystem.com\/en\/wp-json\/wp\/v2\/pages"}],"about":[{"href":"https:\/\/gjgsystem.com\/en\/wp-json\/wp\/v2\/types\/page"}],"author":[{"embeddable":true,"href":"https:\/\/gjgsystem.com\/en\/wp-json\/wp\/v2\/users\/1"}],"replies":[{"embeddable":true,"href":"https:\/\/gjgsystem.com\/en\/wp-json\/wp\/v2\/comments?post=1202"}],"version-history":[{"count":3,"href":"https:\/\/gjgsystem.com\/en\/wp-json\/wp\/v2\/pages\/1202\/revisions"}],"predecessor-version":[{"id":3950,"href":"https:\/\/gjgsystem.com\/en\/wp-json\/wp\/v2\/pages\/1202\/revisions\/3950"}],"wp:featuredmedia":[{"embeddable":true,"href":"https:\/\/gjgsystem.com\/en\/wp-json\/wp\/v2\/media\/45"}],"wp:attachment":[{"href":"https:\/\/gjgsystem.com\/en\/wp-json\/wp\/v2\/media?parent=1202"}],"curies":[{"name":"wp","href":"https:\/\/api.w.org\/{rel}","templated":true}]}}