{"id":2085,"date":"2025-09-17T14:54:21","date_gmt":"2025-09-17T17:54:21","guid":{"rendered":"https:\/\/gjgsystem.com\/?page_id=2085"},"modified":"2025-11-03T10:11:00","modified_gmt":"2025-11-03T13:11:00","slug":"mentorias-que-transforman-tu-proyecto","status":"publish","type":"page","link":"https:\/\/gjgsystem.com\/en\/mentorias-que-transforman-tu-proyecto\/","title":{"rendered":"Mentor\u00edas que Transforman tu Proyecto"},"content":{"rendered":"<p class=\"has-medium-font-size\">Are you an entrepreneur, freelancer, independent professional, or leading a company and feel that your project could take a significant leap, but you don\u2019t know where to start?<\/p>\n\n\n\n<p class=\"has-medium-font-size\">My mentoring sessions are specially designed for people like you, who seek real growth and tangible results. Each session focuses on your current situation, evaluating your strengths, identifying areas for improvement, and spotting opportunities that often go unnoticed. Together, we create a clear, measurable strategic action plan so you can move forward effectively without wasting time on unnecessary trials.<\/p>\n\n\n\n<p class=\"has-medium-font-size\">It\u2019s not just about receiving advice or listening to theory: my mentoring is action-oriented. Each meeting is designed to generate real, applicable changes that allow you to optimise your strategies, improve your productivity, and increase your professional impact. Whether you want to enhance your business management, boost sales, organise projects, or develop specific skills, we design a personalised path for you.<\/p>\n\n\n\n<p class=\"has-medium-font-size\">Moreover, the sessions are fully adaptable to your needs and pace. We analyse every decision, evaluate the results of your actions, and adjust the strategy to ensure that each step you take brings you closer to your goals. With my guidance, you will have an expert mentor helping you make the right decisions, avoid common mistakes, and maximise your potential.<\/p>\n\n\n\n<p class=\"has-medium-font-size\">Don\u2019t wait for opportunities to pass: it\u2019s time to turn your ideas into tangible results.<\/p>\n\n\n\n<p class=\"has-text-align-center has-medium-font-size\"><p>Dale un salto a tu proyecto, optimiz\u00e1 tus estrategias y alcanz\u00e1 tus metas con una <strong data-start=\"1799\" data-end=\"1831\">mentor\u00eda personalizada 1 a 1<\/strong>.Empez\u00e1 hoy mismo y sent\u00ed la diferencia en cada paso de tu camino hacia el \u00e9xito.<\/p><\/p>\n\n\n\n<p class=\"has-medium-font-size\">&nbsp;<\/p>\n\n\n\n<p><\/p>","protected":false},"excerpt":{"rendered":"<p>\u00bfSos emprendedor, freelancer, profesional independiente o lider\u00e1s una empresa y sent\u00eds que tu proyecto podr\u00eda dar un salto importante pero no sab\u00e9s por d\u00f3nde empezar? Mis mentor\u00edas est\u00e1n dise\u00f1adas especialmente para personas como vos, que buscan crecimiento real y resultados concretos. Cada sesi\u00f3n se centra en tu situaci\u00f3n actual, evaluando tus fortalezas, identificando las \u00e1reas [&hellip;]<\/p>\n","protected":false},"author":1,"featured_media":2087,"parent":0,"menu_order":0,"comment_status":"closed","ping_status":"closed","template":"","meta":{"footnotes":""},"class_list":["post-2085","page","type-page","status-publish","has-post-thumbnail","hentry"],"yoast_head":"<!-- This site is optimized with the Yoast SEO Premium plugin v26.4 (Yoast SEO v27.3) - https:\/\/yoast.com\/product\/yoast-seo-premium-wordpress\/ -->\n<title>Mentor\u00edas que Transforman tu Proyecto &#8212; GJGSYSTEM | Agencia de Marketing Integral en Buenos Aires y Barcelona<\/title>\n<meta name=\"description\" content=\"Mis mentor\u00edas est\u00e1n dise\u00f1adas especialmente para personas como vos, que buscan crecimiento real y resultados concretos.\" \/>\n<meta name=\"robots\" content=\"index, follow, max-snippet:-1, max-image-preview:large, max-video-preview:-1\" \/>\n<link rel=\"canonical\" href=\"https:\/\/gjgsystem.com\/en\/mentorias-que-transforman-tu-proyecto\/\" \/>\n<meta property=\"og:locale\" content=\"en_GB\" \/>\n<meta property=\"og:type\" content=\"article\" \/>\n<meta property=\"og:title\" content=\"Mentor\u00edas que Transforman tu Proyecto\" \/>\n<meta property=\"og:description\" content=\"Mis mentor\u00edas est\u00e1n dise\u00f1adas especialmente para personas como vos, que buscan crecimiento real y resultados concretos.\" \/>\n<meta property=\"og:url\" content=\"https:\/\/gjgsystem.com\/en\/mentorias-que-transforman-tu-proyecto\/\" \/>\n<meta property=\"og:site_name\" content=\"GJGSYSTEM | Agencia de Marketing Integral en Buenos Aires y Barcelona\" \/>\n<meta property=\"article:publisher\" content=\"https:\/\/www.facebook.com\/gjgsystemDev\" \/>\n<meta property=\"article:modified_time\" content=\"2025-11-03T13:11:00+00:00\" \/>\n<meta property=\"og:image\" content=\"https:\/\/gjgsystem.com\/wp-content\/uploads\/2025\/09\/mentorias-que-impulsan-sesultados.png\" \/>\n\t<meta property=\"og:image:width\" content=\"1920\" \/>\n\t<meta property=\"og:image:height\" content=\"650\" \/>\n\t<meta property=\"og:image:type\" content=\"image\/png\" \/>\n<meta name=\"twitter:card\" content=\"summary_large_image\" \/>\n<meta name=\"twitter:label1\" content=\"Estimated reading time\" \/>\n\t<meta name=\"twitter:data1\" content=\"2 minutes\" \/>\n<script type=\"application\/ld+json\" class=\"yoast-schema-graph\">{\"@context\":\"https:\\\/\\\/schema.org\",\"@graph\":[{\"@type\":\"WebPage\",\"@id\":\"https:\\\/\\\/gjgsystem.com\\\/mentorias-que-transforman-tu-proyecto\\\/\",\"url\":\"https:\\\/\\\/gjgsystem.com\\\/mentorias-que-transforman-tu-proyecto\\\/\",\"name\":\"Mentor\u00edas que Transforman tu Proyecto &#8212; GJGSYSTEM | Agencia de Marketing Integral en Buenos Aires y Barcelona\",\"isPartOf\":{\"@id\":\"https:\\\/\\\/gjgsystem.com\\\/#website\"},\"primaryImageOfPage\":{\"@id\":\"https:\\\/\\\/gjgsystem.com\\\/mentorias-que-transforman-tu-proyecto\\\/#primaryimage\"},\"image\":{\"@id\":\"https:\\\/\\\/gjgsystem.com\\\/mentorias-que-transforman-tu-proyecto\\\/#primaryimage\"},\"thumbnailUrl\":\"https:\\\/\\\/gjgsystem.com\\\/wp-content\\\/uploads\\\/2025\\\/09\\\/mentorias-que-impulsan-sesultados.png\",\"datePublished\":\"2025-09-17T17:54:21+00:00\",\"dateModified\":\"2025-11-03T13:11:00+00:00\",\"description\":\"Mis mentor\u00edas est\u00e1n dise\u00f1adas especialmente para personas como vos, que buscan crecimiento real y resultados concretos.\",\"breadcrumb\":{\"@id\":\"https:\\\/\\\/gjgsystem.com\\\/mentorias-que-transforman-tu-proyecto\\\/#breadcrumb\"},\"inLanguage\":\"en-GB\",\"potentialAction\":[{\"@type\":\"ReadAction\",\"target\":[\"https:\\\/\\\/gjgsystem.com\\\/mentorias-que-transforman-tu-proyecto\\\/\"]}]},{\"@type\":\"ImageObject\",\"inLanguage\":\"en-GB\",\"@id\":\"https:\\\/\\\/gjgsystem.com\\\/mentorias-que-transforman-tu-proyecto\\\/#primaryimage\",\"url\":\"https:\\\/\\\/gjgsystem.com\\\/wp-content\\\/uploads\\\/2025\\\/09\\\/mentorias-que-impulsan-sesultados.png\",\"contentUrl\":\"https:\\\/\\\/gjgsystem.com\\\/wp-content\\\/uploads\\\/2025\\\/09\\\/mentorias-que-impulsan-sesultados.png\",\"width\":1920,\"height\":650},{\"@type\":\"BreadcrumbList\",\"@id\":\"https:\\\/\\\/gjgsystem.com\\\/mentorias-que-transforman-tu-proyecto\\\/#breadcrumb\",\"itemListElement\":[{\"@type\":\"ListItem\",\"position\":1,\"name\":\"Portada\",\"item\":\"https:\\\/\\\/gjgsystem.com\\\/\"},{\"@type\":\"ListItem\",\"position\":2,\"name\":\"Mentor\u00edas que Transforman tu Proyecto\"}]},{\"@type\":\"WebSite\",\"@id\":\"https:\\\/\\\/gjgsystem.com\\\/#website\",\"url\":\"https:\\\/\\\/gjgsystem.com\\\/\",\"name\":\"GJGSYSTEM | Agencia de Marketing Integral\",\"description\":\"Agencia de contenido, Marketing digital y dise\u00f1o web  Transformamos ideas en estrategias que convierten, \u00bfListo para destacar ? Cont\u00e1ctanos\",\"publisher\":{\"@id\":\"https:\\\/\\\/gjgsystem.com\\\/#organization\"},\"alternateName\":\"GJGSYSTEM | Agencia de Marketing Integral | Desarrollo en Wordpress\",\"potentialAction\":[{\"@type\":\"SearchAction\",\"target\":{\"@type\":\"EntryPoint\",\"urlTemplate\":\"https:\\\/\\\/gjgsystem.com\\\/?s={search_term_string}\"},\"query-input\":{\"@type\":\"PropertyValueSpecification\",\"valueRequired\":true,\"valueName\":\"search_term_string\"}}],\"inLanguage\":\"en-GB\"},{\"@type\":\"Organization\",\"@id\":\"https:\\\/\\\/gjgsystem.com\\\/#organization\",\"name\":\"GJGSYSTEM | Agencia de Marketing Integral\",\"alternateName\":\"GJGSYSTEM | Agencia de Marketing Integral\",\"url\":\"https:\\\/\\\/gjgsystem.com\\\/\",\"logo\":{\"@type\":\"ImageObject\",\"inLanguage\":\"en-GB\",\"@id\":\"https:\\\/\\\/gjgsystem.com\\\/#\\\/schema\\\/logo\\\/image\\\/\",\"url\":\"https:\\\/\\\/gjgsystem.com\\\/wp-content\\\/uploads\\\/2025\\\/05\\\/favicon.png\",\"contentUrl\":\"https:\\\/\\\/gjgsystem.com\\\/wp-content\\\/uploads\\\/2025\\\/05\\\/favicon.png\",\"width\":500,\"height\":500,\"caption\":\"GJGSYSTEM | Agencia de Marketing Integral\"},\"image\":{\"@id\":\"https:\\\/\\\/gjgsystem.com\\\/#\\\/schema\\\/logo\\\/image\\\/\"},\"sameAs\":[\"https:\\\/\\\/www.facebook.com\\\/gjgsystemDev\",\"https:\\\/\\\/www.youtube.com\\\/@gjgsystem\",\"https:\\\/\\\/www.instagram.com\\\/gjg_system\\\/\",\"https:\\\/\\\/linkedin.com\\\/company\\\/gjgsystem\"],\"publishingPrinciples\":\"https:\\\/\\\/gjgsystem.com\\\/\"}]}<\/script>\n<!-- \/ Yoast SEO Premium plugin. -->","yoast_head_json":{"title":"Mentor\u00edas que Transforman tu Proyecto &#8212; GJGSYSTEM | Agencia de Marketing Integral en Buenos Aires y Barcelona","description":"Mis mentor\u00edas est\u00e1n dise\u00f1adas especialmente para personas como vos, que buscan crecimiento real y resultados concretos.","robots":{"index":"index","follow":"follow","max-snippet":"max-snippet:-1","max-image-preview":"max-image-preview:large","max-video-preview":"max-video-preview:-1"},"canonical":"https:\/\/gjgsystem.com\/en\/mentorias-que-transforman-tu-proyecto\/","og_locale":"en_GB","og_type":"article","og_title":"Mentor\u00edas que Transforman tu Proyecto","og_description":"Mis mentor\u00edas est\u00e1n dise\u00f1adas especialmente para personas como vos, que buscan crecimiento real y resultados concretos.","og_url":"https:\/\/gjgsystem.com\/en\/mentorias-que-transforman-tu-proyecto\/","og_site_name":"GJGSYSTEM | Agencia de Marketing Integral en Buenos Aires y Barcelona","article_publisher":"https:\/\/www.facebook.com\/gjgsystemDev","article_modified_time":"2025-11-03T13:11:00+00:00","og_image":[{"width":1920,"height":650,"url":"https:\/\/gjgsystem.com\/wp-content\/uploads\/2025\/09\/mentorias-que-impulsan-sesultados.png","type":"image\/png"}],"twitter_card":"summary_large_image","twitter_misc":{"Estimated reading time":"2 minutes"},"schema":{"@context":"https:\/\/schema.org","@graph":[{"@type":"WebPage","@id":"https:\/\/gjgsystem.com\/mentorias-que-transforman-tu-proyecto\/","url":"https:\/\/gjgsystem.com\/mentorias-que-transforman-tu-proyecto\/","name":"Mentor\u00edas que Transforman tu Proyecto &#8212; GJGSYSTEM | Agencia de Marketing Integral en Buenos Aires y Barcelona","isPartOf":{"@id":"https:\/\/gjgsystem.com\/#website"},"primaryImageOfPage":{"@id":"https:\/\/gjgsystem.com\/mentorias-que-transforman-tu-proyecto\/#primaryimage"},"image":{"@id":"https:\/\/gjgsystem.com\/mentorias-que-transforman-tu-proyecto\/#primaryimage"},"thumbnailUrl":"https:\/\/gjgsystem.com\/wp-content\/uploads\/2025\/09\/mentorias-que-impulsan-sesultados.png","datePublished":"2025-09-17T17:54:21+00:00","dateModified":"2025-11-03T13:11:00+00:00","description":"Mis mentor\u00edas est\u00e1n dise\u00f1adas especialmente para personas como vos, que buscan crecimiento real y resultados concretos.","breadcrumb":{"@id":"https:\/\/gjgsystem.com\/mentorias-que-transforman-tu-proyecto\/#breadcrumb"},"inLanguage":"en-GB","potentialAction":[{"@type":"ReadAction","target":["https:\/\/gjgsystem.com\/mentorias-que-transforman-tu-proyecto\/"]}]},{"@type":"ImageObject","inLanguage":"en-GB","@id":"https:\/\/gjgsystem.com\/mentorias-que-transforman-tu-proyecto\/#primaryimage","url":"https:\/\/gjgsystem.com\/wp-content\/uploads\/2025\/09\/mentorias-que-impulsan-sesultados.png","contentUrl":"https:\/\/gjgsystem.com\/wp-content\/uploads\/2025\/09\/mentorias-que-impulsan-sesultados.png","width":1920,"height":650},{"@type":"BreadcrumbList","@id":"https:\/\/gjgsystem.com\/mentorias-que-transforman-tu-proyecto\/#breadcrumb","itemListElement":[{"@type":"ListItem","position":1,"name":"Portada","item":"https:\/\/gjgsystem.com\/"},{"@type":"ListItem","position":2,"name":"Mentor\u00edas que Transforman tu Proyecto"}]},{"@type":"WebSite","@id":"https:\/\/gjgsystem.com\/#website","url":"https:\/\/gjgsystem.com\/","name":"GJGSYSTEM | Agencia de Marketing Integral","description":"Agencia de contenido, Marketing digital y dise\u00f1o web  Transformamos ideas en estrategias que convierten, \u00bfListo para destacar ? Cont\u00e1ctanos","publisher":{"@id":"https:\/\/gjgsystem.com\/#organization"},"alternateName":"GJGSYSTEM | Agencia de Marketing Integral | Desarrollo en Wordpress","potentialAction":[{"@type":"SearchAction","target":{"@type":"EntryPoint","urlTemplate":"https:\/\/gjgsystem.com\/?s={search_term_string}"},"query-input":{"@type":"PropertyValueSpecification","valueRequired":true,"valueName":"search_term_string"}}],"inLanguage":"en-GB"},{"@type":"Organization","@id":"https:\/\/gjgsystem.com\/#organization","name":"GJGSYSTEM | Agencia de Marketing Integral","alternateName":"GJGSYSTEM | Agencia de Marketing Integral","url":"https:\/\/gjgsystem.com\/","logo":{"@type":"ImageObject","inLanguage":"en-GB","@id":"https:\/\/gjgsystem.com\/#\/schema\/logo\/image\/","url":"https:\/\/gjgsystem.com\/wp-content\/uploads\/2025\/05\/favicon.png","contentUrl":"https:\/\/gjgsystem.com\/wp-content\/uploads\/2025\/05\/favicon.png","width":500,"height":500,"caption":"GJGSYSTEM | Agencia de Marketing Integral"},"image":{"@id":"https:\/\/gjgsystem.com\/#\/schema\/logo\/image\/"},"sameAs":["https:\/\/www.facebook.com\/gjgsystemDev","https:\/\/www.youtube.com\/@gjgsystem","https:\/\/www.instagram.com\/gjg_system\/","https:\/\/linkedin.com\/company\/gjgsystem"],"publishingPrinciples":"https:\/\/gjgsystem.com\/"}]}},"_links":{"self":[{"href":"https:\/\/gjgsystem.com\/en\/wp-json\/wp\/v2\/pages\/2085","targetHints":{"allow":["GET"]}}],"collection":[{"href":"https:\/\/gjgsystem.com\/en\/wp-json\/wp\/v2\/pages"}],"about":[{"href":"https:\/\/gjgsystem.com\/en\/wp-json\/wp\/v2\/types\/page"}],"author":[{"embeddable":true,"href":"https:\/\/gjgsystem.com\/en\/wp-json\/wp\/v2\/users\/1"}],"replies":[{"embeddable":true,"href":"https:\/\/gjgsystem.com\/en\/wp-json\/wp\/v2\/comments?post=2085"}],"version-history":[{"count":0,"href":"https:\/\/gjgsystem.com\/en\/wp-json\/wp\/v2\/pages\/2085\/revisions"}],"wp:featuredmedia":[{"embeddable":true,"href":"https:\/\/gjgsystem.com\/en\/wp-json\/wp\/v2\/media\/2087"}],"wp:attachment":[{"href":"https:\/\/gjgsystem.com\/en\/wp-json\/wp\/v2\/media?parent=2085"}],"curies":[{"name":"wp","href":"https:\/\/api.w.org\/{rel}","templated":true}]}}